{"id":93353,"date":"2019-07-11T13:54:32","date_gmt":"2019-07-11T13:54:32","guid":{"rendered":"https:\/\/www.3p-gmbh.de\/produkt\/technografica-a-2-four-de-cuisson-pour-plaques-dimpression\/"},"modified":"2019-07-11T13:54:32","modified_gmt":"2019-07-11T13:54:32","slug":"four-de-cuisson-pour-plaques-dimpression","status":"publish","type":"product","link":"https:\/\/www.3p-gmbh.de\/fr\/produkt\/four-de-cuisson-pour-plaques-dimpression\/","title":{"rendered":"Technografica A 2 Four de cuisson pour plaques d&rsquo;impression"},"content":{"rendered":"<ul>\n<li>Four de cuisson pour plaques d&rsquo;impression jusqu&rsquo;au format A2<\/li>\n<li>Augmentation du rendement des panneaux et donc r\u00e9duction des co\u00fbts et du temps de mise en place<\/li>\n<li>id\u00e9al pour les machines \u00e0 imprimer en continu ou en rouleaux<\/li>\n<\/ul>\n","protected":false},"excerpt":{"rendered":"<p>Four de cuisson pour plaques d&rsquo;impression jusqu&rsquo;au format A2 Augmentation du rendement des panneaux et donc r\u00e9duction des co\u00fbts et du temps de mise en place id\u00e9al pour les machines \u00e0 imprimer en continu ou en rouleaux<\/p>\n","protected":false},"featured_media":55176,"template":"","meta":[],"product_brand":[],"product_cat":[2995],"product_tag":[],"class_list":{"0":"post-93353","1":"product","2":"type-product","3":"status-publish","4":"has-post-thumbnail","6":"product_cat-traitement-des-plaques-dimpression-fr","7":"pa_baujahr-130","8":"pa_hersteller-technografica","9":"pa_typ-einbrennofen-a2","11":"first","12":"instock","13":"sold-individually","14":"taxable","15":"shipping-taxable","16":"purchasable","17":"product-type-simple"},"jetpack_sharing_enabled":true,"_links":{"self":[{"href":"https:\/\/www.3p-gmbh.de\/fr\/wp-json\/wp\/v2\/product\/93353","targetHints":{"allow":["GET"]}}],"collection":[{"href":"https:\/\/www.3p-gmbh.de\/fr\/wp-json\/wp\/v2\/product"}],"about":[{"href":"https:\/\/www.3p-gmbh.de\/fr\/wp-json\/wp\/v2\/types\/product"}],"wp:featuredmedia":[{"embeddable":true,"href":"https:\/\/www.3p-gmbh.de\/fr\/wp-json\/wp\/v2\/media\/55176"}],"wp:attachment":[{"href":"https:\/\/www.3p-gmbh.de\/fr\/wp-json\/wp\/v2\/media?parent=93353"}],"wp:term":[{"taxonomy":"product_brand","embeddable":true,"href":"https:\/\/www.3p-gmbh.de\/fr\/wp-json\/wp\/v2\/product_brand?post=93353"},{"taxonomy":"product_cat","embeddable":true,"href":"https:\/\/www.3p-gmbh.de\/fr\/wp-json\/wp\/v2\/product_cat?post=93353"},{"taxonomy":"product_tag","embeddable":true,"href":"https:\/\/www.3p-gmbh.de\/fr\/wp-json\/wp\/v2\/product_tag?post=93353"}],"curies":[{"name":"wp","href":"https:\/\/api.w.org\/{rel}","templated":true}]}}