{"id":93346,"date":"2019-07-11T13:54:40","date_gmt":"2019-07-11T13:54:40","guid":{"rendered":"https:\/\/www.3p-gmbh.de\/produkt\/boite-de-pieces-detachees-glunz-jensen\/"},"modified":"2019-07-11T13:54:40","modified_gmt":"2019-07-11T13:54:40","slug":"boite-de-pieces-de-rechange","status":"publish","type":"product","link":"https:\/\/www.3p-gmbh.de\/fr\/produkt\/boite-de-pieces-de-rechange\/","title":{"rendered":"Bo\u00eete de pi\u00e8ces d\u00e9tach\u00e9es Glunz &amp; Jensen"},"content":{"rendered":"<p>Bo\u00eetes de pi\u00e8ces d\u00e9tach\u00e9es, pi\u00e8ces de rechange, pompes, pompes \u00e0 r\u00e9g\u00e9n\u00e9ration et filtres pour machines \u00e0 d\u00e9velopper les films en largeurs d&rsquo;entr\u00e9e 400, 550, 720, 860, 950 et 1250<\/p>\n","protected":false},"excerpt":{"rendered":"<p>Bo\u00eetes de pi\u00e8ces d\u00e9tach\u00e9es, pi\u00e8ces de rechange, pompes, pompes \u00e0 r\u00e9g\u00e9n\u00e9ration et filtres pour machines \u00e0 d\u00e9velopper les films en largeurs d&rsquo;entr\u00e9e 400, 550, 720, 860, 950 et 1250<\/p>\n","protected":false},"featured_media":55196,"template":"","meta":[],"product_brand":[],"product_cat":[2936],"product_tag":[],"class_list":{"0":"post-93346","1":"product","2":"type-product","3":"status-publish","4":"has-post-thumbnail","6":"product_cat-systemes-dexposition-et-de-developpement-de-films","7":"pa_hersteller-glunz-jensen","9":"first","10":"instock","11":"sold-individually","12":"taxable","13":"shipping-taxable","14":"purchasable","15":"product-type-simple"},"jetpack_sharing_enabled":true,"_links":{"self":[{"href":"https:\/\/www.3p-gmbh.de\/fr\/wp-json\/wp\/v2\/product\/93346","targetHints":{"allow":["GET"]}}],"collection":[{"href":"https:\/\/www.3p-gmbh.de\/fr\/wp-json\/wp\/v2\/product"}],"about":[{"href":"https:\/\/www.3p-gmbh.de\/fr\/wp-json\/wp\/v2\/types\/product"}],"wp:featuredmedia":[{"embeddable":true,"href":"https:\/\/www.3p-gmbh.de\/fr\/wp-json\/wp\/v2\/media\/55196"}],"wp:attachment":[{"href":"https:\/\/www.3p-gmbh.de\/fr\/wp-json\/wp\/v2\/media?parent=93346"}],"wp:term":[{"taxonomy":"product_brand","embeddable":true,"href":"https:\/\/www.3p-gmbh.de\/fr\/wp-json\/wp\/v2\/product_brand?post=93346"},{"taxonomy":"product_cat","embeddable":true,"href":"https:\/\/www.3p-gmbh.de\/fr\/wp-json\/wp\/v2\/product_cat?post=93346"},{"taxonomy":"product_tag","embeddable":true,"href":"https:\/\/www.3p-gmbh.de\/fr\/wp-json\/wp\/v2\/product_tag?post=93346"}],"curies":[{"name":"wp","href":"https:\/\/api.w.org\/{rel}","templated":true}]}}