{"id":93343,"date":"2019-07-11T13:54:32","date_gmt":"2019-07-11T13:54:32","guid":{"rendered":"https:\/\/www.3p-gmbh.de\/produkt\/glunz-jensen-multiline-pro-125-hs-machine-a-developper-les-films\/"},"modified":"2019-07-11T13:54:32","modified_gmt":"2019-07-11T13:54:32","slug":"machine-de-developpement-de-films-5","status":"publish","type":"product","link":"https:\/\/www.3p-gmbh.de\/fr\/produkt\/machine-de-developpement-de-films-5\/","title":{"rendered":"Glunz &amp; Jensen Multiline Pro 125 HS Machine \u00e0 d\u00e9velopper les films"},"content":{"rendered":"<ul>\n<li>tr\u00e8s bon \u00e9tat<\/li>\n<li>Version haute vitesse<\/li>\n<li>Largeur d&rsquo;entr\u00e9e 125 cm<\/li>\n<li>ch\u00e2ssis ferm\u00e9<\/li>\n<li>Cassette lumi\u00e8re du jour<\/li>\n<li>Panier collecteur<\/li>\n<li>R\u00e9cipient de r\u00e9g\u00e9n\u00e9ration pour le r\u00e9v\u00e9lateur et le fixateur<\/li>\n<\/ul>\n","protected":false},"excerpt":{"rendered":"<p>tr\u00e8s bon \u00e9tat Version haute vitesse Largeur d&rsquo;entr\u00e9e 125 cm ch\u00e2ssis ferm\u00e9 Cassette lumi\u00e8re du jour Panier collecteur R\u00e9cipient de r\u00e9g\u00e9n\u00e9ration pour le r\u00e9v\u00e9lateur et le fixateur<\/p>\n","protected":false},"featured_media":55190,"template":"","meta":[],"product_brand":[],"product_cat":[2936],"product_tag":[],"class_list":{"0":"post-93343","1":"product","2":"type-product","3":"status-publish","4":"has-post-thumbnail","6":"product_cat-systemes-dexposition-et-de-developpement-de-films","7":"pa_baujahr-165","8":"pa_hersteller-glunz-jensen","9":"pa_typ-multiline-pro-125-hs","11":"first","12":"instock","13":"sold-individually","14":"taxable","15":"shipping-taxable","16":"purchasable","17":"product-type-simple"},"jetpack_sharing_enabled":true,"_links":{"self":[{"href":"https:\/\/www.3p-gmbh.de\/fr\/wp-json\/wp\/v2\/product\/93343","targetHints":{"allow":["GET"]}}],"collection":[{"href":"https:\/\/www.3p-gmbh.de\/fr\/wp-json\/wp\/v2\/product"}],"about":[{"href":"https:\/\/www.3p-gmbh.de\/fr\/wp-json\/wp\/v2\/types\/product"}],"wp:featuredmedia":[{"embeddable":true,"href":"https:\/\/www.3p-gmbh.de\/fr\/wp-json\/wp\/v2\/media\/55190"}],"wp:attachment":[{"href":"https:\/\/www.3p-gmbh.de\/fr\/wp-json\/wp\/v2\/media?parent=93343"}],"wp:term":[{"taxonomy":"product_brand","embeddable":true,"href":"https:\/\/www.3p-gmbh.de\/fr\/wp-json\/wp\/v2\/product_brand?post=93343"},{"taxonomy":"product_cat","embeddable":true,"href":"https:\/\/www.3p-gmbh.de\/fr\/wp-json\/wp\/v2\/product_cat?post=93343"},{"taxonomy":"product_tag","embeddable":true,"href":"https:\/\/www.3p-gmbh.de\/fr\/wp-json\/wp\/v2\/product_tag?post=93343"}],"curies":[{"name":"wp","href":"https:\/\/api.w.org\/{rel}","templated":true}]}}