{"id":93331,"date":"2019-07-11T13:54:40","date_gmt":"2019-07-11T13:54:40","guid":{"rendered":"https:\/\/www.3p-gmbh.de\/produkt\/heiland-trd-4-densitometre-a-lumiere-transmise\/"},"modified":"2019-07-11T13:54:40","modified_gmt":"2019-07-11T13:54:40","slug":"densitometre-a-lumiere-transmise-2","status":"publish","type":"product","link":"https:\/\/www.3p-gmbh.de\/fr\/produkt\/densitometre-a-lumiere-transmise-2\/","title":{"rendered":"Heiland TRD-4 Densitom\u00e8tre \u00e0 lumi\u00e8re transmise"},"content":{"rendered":"<ul>\n<li>Mesure de la densit\u00e9 de la lumi\u00e8re transmise en pourcentage ou en log. jusqu&rsquo;\u00e0 Dmax. 5.5 possible<\/li>\n<li>Mesure de la densit\u00e9 de la lumi\u00e8re incidente en pourcentage ou jusqu&rsquo;\u00e0 Dmax. 2.5 possible<\/li>\n<\/ul>\n","protected":false},"excerpt":{"rendered":"<p>Mesure de la densit\u00e9 de la lumi\u00e8re transmise en pourcentage ou en log. jusqu&rsquo;\u00e0 Dmax. 5.5 possible Mesure de la densit\u00e9 de la lumi\u00e8re incidente en pourcentage ou jusqu&rsquo;\u00e0 Dmax. 2.5 possible<\/p>\n","protected":false},"featured_media":55198,"template":"","meta":[],"product_brand":[],"product_cat":[2930],"product_tag":[],"class_list":{"0":"post-93331","1":"product","2":"type-product","3":"status-publish","4":"has-post-thumbnail","6":"product_cat-instruments-de-mesure-et-assurance-qualite","7":"pa_baujahr-158","8":"pa_hersteller-heiland","9":"pa_typ-trd-4","11":"first","12":"instock","13":"sold-individually","14":"taxable","15":"shipping-taxable","16":"purchasable","17":"product-type-simple"},"jetpack_sharing_enabled":true,"_links":{"self":[{"href":"https:\/\/www.3p-gmbh.de\/fr\/wp-json\/wp\/v2\/product\/93331","targetHints":{"allow":["GET"]}}],"collection":[{"href":"https:\/\/www.3p-gmbh.de\/fr\/wp-json\/wp\/v2\/product"}],"about":[{"href":"https:\/\/www.3p-gmbh.de\/fr\/wp-json\/wp\/v2\/types\/product"}],"wp:featuredmedia":[{"embeddable":true,"href":"https:\/\/www.3p-gmbh.de\/fr\/wp-json\/wp\/v2\/media\/55198"}],"wp:attachment":[{"href":"https:\/\/www.3p-gmbh.de\/fr\/wp-json\/wp\/v2\/media?parent=93331"}],"wp:term":[{"taxonomy":"product_brand","embeddable":true,"href":"https:\/\/www.3p-gmbh.de\/fr\/wp-json\/wp\/v2\/product_brand?post=93331"},{"taxonomy":"product_cat","embeddable":true,"href":"https:\/\/www.3p-gmbh.de\/fr\/wp-json\/wp\/v2\/product_cat?post=93331"},{"taxonomy":"product_tag","embeddable":true,"href":"https:\/\/www.3p-gmbh.de\/fr\/wp-json\/wp\/v2\/product_tag?post=93331"}],"curies":[{"name":"wp","href":"https:\/\/api.w.org\/{rel}","templated":true}]}}