{"id":93317,"date":"2019-07-11T13:53:56","date_gmt":"2019-07-11T13:53:56","guid":{"rendered":"https:\/\/www.3p-gmbh.de\/produkt\/logiciel-de-montage-de-feuilles-kim-pdf\/"},"modified":"2019-07-11T13:53:56","modified_gmt":"2019-07-11T13:53:56","slug":"logiciel-de-tir","status":"publish","type":"product","link":"https:\/\/www.3p-gmbh.de\/fr\/produkt\/logiciel-de-tir\/","title":{"rendered":"Logiciel de montage de feuilles KIM PDF"},"content":{"rendered":"<p>KIM PDF se distingue de ses concurrents connus et r\u00e9pandus par l&rsquo;imposition de pages PDF en feuilles PDF compl\u00e8tes. Il n&rsquo;y a pas de changement dans le format des donn\u00e9es (pages PDF entrantes, feuilles PDF sortantes).<\/p>\n<ul>\n<li>Imposition sur la base de PDF purs avec des PDF composites et s\u00e9par\u00e9s<\/li>\n<li>Pas de changement de format, le PDF reste un PDF. Les donn\u00e9es PostScript sont converties en PDF lors de l&rsquo;importation, exclusivement via des interfaces standard (Adobe Acrobat).<\/li>\n<li>G\u00e9n\u00e9ration automatique d&rsquo;aper\u00e7us de page avec une r\u00e9solution d\u00e9finissable<\/li>\n<li>G\u00e9n\u00e9ration automatique de feuilles PDF compl\u00e8tes et transmission aux p\u00e9riph\u00e9riques de sortie (KIM PDF Auto)<\/li>\n<li>Concept d&rsquo;utilisation fortement inspir\u00e9 du montage manuel des feuilles<\/li>\n<li>G\u00e9n\u00e9ration automatique de marques de flattage (diff\u00e9rents types)<\/li>\n<li>Visualisation continue sans perte de temps ou temps d&rsquo;attente gr\u00e2ce \u00e0 la technique du preview<\/li>\n<li>Biblioth\u00e8ques individuelles pour p. ex. feuilles pli\u00e9es, feuilles imprim\u00e9es<\/li>\n<li>Sauvegarde de jeux de marques complets ind\u00e9pendamment du format de la feuille imprim\u00e9e<\/li>\n<li>Cotation compl\u00e8te (feuille et plaque d&rsquo;impression repr\u00e9sentables)<\/li>\n<li>D\u00e9calage de la collerette par rapport \u00e0 l&rsquo;\u00e9paisseur du papier ou \u00e0 l&rsquo;\u00e9paisseur maximale Extension possible<\/li>\n<li>Les pages individuelles peuvent \u00eatre \u00e9dit\u00e9es en d\u00e9calage<\/li>\n<li>Impression d&rsquo;une feuille align\u00e9e comme contr\u00f4le de la position du contenu de la page (en couleurs sp\u00e9ciales)<\/li>\n<li>D\u00e9tection automatique des doubles pages<\/li>\n<li>Utilise syst\u00e9matiquement le format PDF (Krause l&rsquo;a reconnu et le met en \u0153uvre de mani\u00e8re cons\u00e9quente)<\/li>\n<li>KIM PDF offre la possibilit\u00e9 d&rsquo;aligner tous les contenus sur des r\u00e9f\u00e9rences (avantage en termes de r\u00e9utilisation de jeux de marques pour diff\u00e9rents formats, par exemple).<\/li>\n<\/ul>\n","protected":false},"excerpt":{"rendered":"<p>KIM PDF se distingue de ses concurrents connus et r\u00e9pandus par l&rsquo;imposition de pages PDF en feuilles PDF compl\u00e8tes. Il n&rsquo;y a pas de changement dans le format des donn\u00e9es (pages PDF entrantes, feuilles PDF sortantes). Imposition sur la base de PDF purs avec des PDF composites et s\u00e9par\u00e9s Pas de changement de format, le [&hellip;]<\/p>\n","protected":false},"featured_media":54983,"template":"","meta":[],"product_brand":[],"product_cat":[3013],"product_tag":[],"class_list":{"0":"post-93317","1":"product","2":"type-product","3":"status-publish","4":"has-post-thumbnail","6":"product_cat-logiciel-de-prepresse","7":"pa_baujahr-140","8":"pa_hersteller-krause-biagosch","9":"pa_typ-kim-pdf-version-6","11":"first","12":"instock","13":"sold-individually","14":"taxable","15":"shipping-taxable","16":"purchasable","17":"product-type-simple"},"jetpack_sharing_enabled":true,"_links":{"self":[{"href":"https:\/\/www.3p-gmbh.de\/fr\/wp-json\/wp\/v2\/product\/93317","targetHints":{"allow":["GET"]}}],"collection":[{"href":"https:\/\/www.3p-gmbh.de\/fr\/wp-json\/wp\/v2\/product"}],"about":[{"href":"https:\/\/www.3p-gmbh.de\/fr\/wp-json\/wp\/v2\/types\/product"}],"wp:featuredmedia":[{"embeddable":true,"href":"https:\/\/www.3p-gmbh.de\/fr\/wp-json\/wp\/v2\/media\/54983"}],"wp:attachment":[{"href":"https:\/\/www.3p-gmbh.de\/fr\/wp-json\/wp\/v2\/media?parent=93317"}],"wp:term":[{"taxonomy":"product_brand","embeddable":true,"href":"https:\/\/www.3p-gmbh.de\/fr\/wp-json\/wp\/v2\/product_brand?post=93317"},{"taxonomy":"product_cat","embeddable":true,"href":"https:\/\/www.3p-gmbh.de\/fr\/wp-json\/wp\/v2\/product_cat?post=93317"},{"taxonomy":"product_tag","embeddable":true,"href":"https:\/\/www.3p-gmbh.de\/fr\/wp-json\/wp\/v2\/product_tag?post=93317"}],"curies":[{"name":"wp","href":"https:\/\/api.w.org\/{rel}","templated":true}]}}