{"id":93303,"date":"2019-07-11T13:53:56","date_gmt":"2019-07-11T13:53:56","guid":{"rendered":"https:\/\/www.3p-gmbh.de\/produkt\/systeme-ctp-thermique-heidelberg-topsetter-102-scl\/"},"modified":"2019-07-11T13:53:56","modified_gmt":"2019-07-11T13:53:56","slug":"computer-to-plate","status":"publish","type":"product","link":"https:\/\/www.3p-gmbh.de\/fr\/produkt\/computer-to-plate\/","title":{"rendered":"Syst\u00e8me CtP thermique Heidelberg Topsetter 102 SCL"},"content":{"rendered":"<ul>\n<li>B1 Syst\u00e8me CTP thermique<\/li>\n<li>1 cassette de stockage<\/li>\n<li>r\u00e9solution 1200 &#8211; 4000 dpi<\/li>\n<li>min. 650 x 550 mm<\/li>\n<li>max. 1060 x 940 mm<\/li>\n<li>poin\u00e7onnage interne 780mm<\/li>\n<li>32 diodes<\/li>\n<\/ul>\n","protected":false},"excerpt":{"rendered":"<p>B1 Syst\u00e8me CTP thermique 1 cassette de stockage r\u00e9solution 1200 &#8211; 4000 dpi min. 650 x 550 mm max. 1060 x 940 mm poin\u00e7onnage interne 780mm 32 diodes<\/p>\n","protected":false},"featured_media":54987,"template":"","meta":[],"product_brand":[],"product_cat":[2864],"product_tag":[],"class_list":{"0":"post-93303","1":"product","2":"type-product","3":"status-publish","4":"has-post-thumbnail","6":"product_cat-systemes-computer-to-plate","7":"pa_baujahr-130","8":"pa_hersteller-heidelberg-screen","9":"pa_typ-topsetter-102-classic-scl-platerite","11":"first","12":"instock","13":"sold-individually","14":"taxable","15":"shipping-taxable","16":"purchasable","17":"product-type-simple"},"jetpack_sharing_enabled":true,"_links":{"self":[{"href":"https:\/\/www.3p-gmbh.de\/fr\/wp-json\/wp\/v2\/product\/93303","targetHints":{"allow":["GET"]}}],"collection":[{"href":"https:\/\/www.3p-gmbh.de\/fr\/wp-json\/wp\/v2\/product"}],"about":[{"href":"https:\/\/www.3p-gmbh.de\/fr\/wp-json\/wp\/v2\/types\/product"}],"wp:featuredmedia":[{"embeddable":true,"href":"https:\/\/www.3p-gmbh.de\/fr\/wp-json\/wp\/v2\/media\/54987"}],"wp:attachment":[{"href":"https:\/\/www.3p-gmbh.de\/fr\/wp-json\/wp\/v2\/media?parent=93303"}],"wp:term":[{"taxonomy":"product_brand","embeddable":true,"href":"https:\/\/www.3p-gmbh.de\/fr\/wp-json\/wp\/v2\/product_brand?post=93303"},{"taxonomy":"product_cat","embeddable":true,"href":"https:\/\/www.3p-gmbh.de\/fr\/wp-json\/wp\/v2\/product_cat?post=93303"},{"taxonomy":"product_tag","embeddable":true,"href":"https:\/\/www.3p-gmbh.de\/fr\/wp-json\/wp\/v2\/product_tag?post=93303"}],"curies":[{"name":"wp","href":"https:\/\/api.w.org\/{rel}","templated":true}]}}