{"id":93297,"date":"2019-07-11T13:54:02","date_gmt":"2019-07-11T13:54:02","guid":{"rendered":"https:\/\/www.3p-gmbh.de\/produkt\/systeme-ctp-esko-dotmate-7500\/"},"modified":"2019-07-11T13:54:02","modified_gmt":"2019-07-11T13:54:02","slug":"filmbelichter-4","status":"publish","type":"product","link":"https:\/\/www.3p-gmbh.de\/fr\/produkt\/filmbelichter-4\/","title":{"rendered":"Syst\u00e8me CtP Esko Dotmate 7500"},"content":{"rendered":"<p>La DotMate 7500 est une insoleuse B2+ tr\u00e8s productive qui permet de sortir alternativement des films traditionnels ou des plaques d&rsquo;impression en polyester.<\/p>\n<ul>\n<li>Format d&rsquo;exposition 610 mm x 750 mm<\/li>\n<li>20 films plein format par heure<\/li>\n<li>r\u00e9solution de 900 &#8211; 3600 dpi<\/li>\n<li>poin\u00e7onnage interne Bacher<\/li>\n<li>Taille du spot (en fonction de la r\u00e9solution) 8 &#8211; 21 microns<\/li>\n<li>R\u00e9p\u00e9tabilit\u00e9 +\/- 5 microns<\/li>\n<li>processeur en ligne enti\u00e8rement int\u00e9gr\u00e9 avec d\u00e9sargentation du bain de fusion, la commande se fait par le logiciel de la console sur l&rsquo;ordinateur Rip<\/li>\n<li>Technologie du tambour interne<\/li>\n<li>avec Rip<\/li>\n<\/ul>\n","protected":false},"excerpt":{"rendered":"<p>La DotMate 7500 est une insoleuse B2+ tr\u00e8s productive qui permet de sortir alternativement des films traditionnels ou des plaques d&rsquo;impression en polyester. Format d&rsquo;exposition 610 mm x 750 mm 20 films plein format par heure r\u00e9solution de 900 &#8211; 3600 dpi poin\u00e7onnage interne Bacher Taille du spot (en fonction de la r\u00e9solution) 8 &#8211; [&hellip;]<\/p>\n","protected":false},"featured_media":54993,"template":"","meta":[],"product_brand":[],"product_cat":[2864],"product_tag":[],"class_list":{"0":"post-93297","1":"product","2":"type-product","3":"status-publish","4":"has-post-thumbnail","6":"product_cat-systemes-computer-to-plate","7":"pa_baujahr-123","8":"pa_hersteller-scanview-esco-graphic","9":"pa_typ-dotmate-7500","11":"first","12":"instock","13":"sold-individually","14":"taxable","15":"shipping-taxable","16":"purchasable","17":"product-type-simple"},"jetpack_sharing_enabled":true,"_links":{"self":[{"href":"https:\/\/www.3p-gmbh.de\/fr\/wp-json\/wp\/v2\/product\/93297","targetHints":{"allow":["GET"]}}],"collection":[{"href":"https:\/\/www.3p-gmbh.de\/fr\/wp-json\/wp\/v2\/product"}],"about":[{"href":"https:\/\/www.3p-gmbh.de\/fr\/wp-json\/wp\/v2\/types\/product"}],"wp:featuredmedia":[{"embeddable":true,"href":"https:\/\/www.3p-gmbh.de\/fr\/wp-json\/wp\/v2\/media\/54993"}],"wp:attachment":[{"href":"https:\/\/www.3p-gmbh.de\/fr\/wp-json\/wp\/v2\/media?parent=93297"}],"wp:term":[{"taxonomy":"product_brand","embeddable":true,"href":"https:\/\/www.3p-gmbh.de\/fr\/wp-json\/wp\/v2\/product_brand?post=93297"},{"taxonomy":"product_cat","embeddable":true,"href":"https:\/\/www.3p-gmbh.de\/fr\/wp-json\/wp\/v2\/product_cat?post=93297"},{"taxonomy":"product_tag","embeddable":true,"href":"https:\/\/www.3p-gmbh.de\/fr\/wp-json\/wp\/v2\/product_tag?post=93297"}],"curies":[{"name":"wp","href":"https:\/\/api.w.org\/{rel}","templated":true}]}}