{"id":93283,"date":"2019-07-11T13:54:02","date_gmt":"2019-07-11T13:54:02","guid":{"rendered":"https:\/\/www.3p-gmbh.de\/produkt\/scangraphic-apollo-flasheuse-de-film\/"},"modified":"2019-07-11T13:54:02","modified_gmt":"2019-07-11T13:54:02","slug":"filmbelichter-5","status":"publish","type":"product","link":"https:\/\/www.3p-gmbh.de\/fr\/produkt\/filmbelichter-5\/","title":{"rendered":"Scangraphic Apollo flasheuse de film"},"content":{"rendered":"<ul>\n<li>Introducteur \u00e0 tambour d&rsquo;une largeur de film de 1 081 millim\u00e8tres<\/li>\n<li>max. Format d&rsquo;exposition 1076 x 770 mm<\/li>\n<li>D\u00e9veloppement en ligne Hope GL 541 avec grue \u00e0 rack<\/li>\n<\/ul>\n","protected":false},"excerpt":{"rendered":"<p>Introducteur \u00e0 tambour d&rsquo;une largeur de film de 1 081 millim\u00e8tres max. Format d&rsquo;exposition 1076 x 770 mm D\u00e9veloppement en ligne Hope GL 541 avec grue \u00e0 rack<\/p>\n","protected":false},"featured_media":55003,"template":"","meta":[],"product_brand":[],"product_cat":[2936],"product_tag":[],"class_list":{"0":"post-93283","1":"product","2":"type-product","3":"status-publish","4":"has-post-thumbnail","6":"product_cat-systemes-dexposition-et-de-developpement-de-films","7":"pa_baujahr-130","8":"pa_hersteller-scangrafic","9":"pa_typ-apollo","11":"first","12":"instock","13":"sold-individually","14":"taxable","15":"shipping-taxable","16":"purchasable","17":"product-type-simple"},"jetpack_sharing_enabled":true,"_links":{"self":[{"href":"https:\/\/www.3p-gmbh.de\/fr\/wp-json\/wp\/v2\/product\/93283","targetHints":{"allow":["GET"]}}],"collection":[{"href":"https:\/\/www.3p-gmbh.de\/fr\/wp-json\/wp\/v2\/product"}],"about":[{"href":"https:\/\/www.3p-gmbh.de\/fr\/wp-json\/wp\/v2\/types\/product"}],"wp:featuredmedia":[{"embeddable":true,"href":"https:\/\/www.3p-gmbh.de\/fr\/wp-json\/wp\/v2\/media\/55003"}],"wp:attachment":[{"href":"https:\/\/www.3p-gmbh.de\/fr\/wp-json\/wp\/v2\/media?parent=93283"}],"wp:term":[{"taxonomy":"product_brand","embeddable":true,"href":"https:\/\/www.3p-gmbh.de\/fr\/wp-json\/wp\/v2\/product_brand?post=93283"},{"taxonomy":"product_cat","embeddable":true,"href":"https:\/\/www.3p-gmbh.de\/fr\/wp-json\/wp\/v2\/product_cat?post=93283"},{"taxonomy":"product_tag","embeddable":true,"href":"https:\/\/www.3p-gmbh.de\/fr\/wp-json\/wp\/v2\/product_tag?post=93283"}],"curies":[{"name":"wp","href":"https:\/\/api.w.org\/{rel}","templated":true}]}}