{"id":93279,"date":"2019-07-11T13:54:02","date_gmt":"2019-07-11T13:54:02","guid":{"rendered":"https:\/\/www.3p-gmbh.de\/produkt\/heidelberg-hercules-basic-imageuse-de-films\/"},"modified":"2019-07-11T13:54:02","modified_gmt":"2019-07-11T13:54:02","slug":"filmbelichter-8","status":"publish","type":"product","link":"https:\/\/www.3p-gmbh.de\/fr\/produkt\/filmbelichter-8\/","title":{"rendered":"Heidelberg Hercules Basic imageuse de films"},"content":{"rendered":"<ul>\n<li>Format d&rsquo;exposition 750 x 558mm<\/li>\n<li>R\u00e9solution max. 5080 ppp<\/li>\n<li>Poin\u00e7onneuse Bacher c\u00f4t\u00e9 long<\/li>\n<li>avec Online Glunz &amp; Jensen ML 860 OL<\/li>\n<li>Heidelberg Delta 8.5 Rip Postscript niveau 3<\/li>\n<\/ul>\n","protected":false},"excerpt":{"rendered":"<p>Format d&rsquo;exposition 750 x 558mm R\u00e9solution max. 5080 ppp Poin\u00e7onneuse Bacher c\u00f4t\u00e9 long avec Online Glunz &amp; Jensen ML 860 OL Heidelberg Delta 8.5 Rip Postscript niveau 3<\/p>\n","protected":false},"featured_media":55014,"template":"","meta":[],"product_brand":[],"product_cat":[2936],"product_tag":[],"class_list":{"0":"post-93279","1":"product","2":"type-product","3":"status-publish","4":"has-post-thumbnail","6":"product_cat-systemes-dexposition-et-de-developpement-de-films","7":"pa_baujahr-158","8":"pa_hersteller-heidelberg","9":"pa_typ-herkules-basic","11":"first","12":"instock","13":"sold-individually","14":"taxable","15":"shipping-taxable","16":"purchasable","17":"product-type-simple"},"jetpack_sharing_enabled":true,"_links":{"self":[{"href":"https:\/\/www.3p-gmbh.de\/fr\/wp-json\/wp\/v2\/product\/93279","targetHints":{"allow":["GET"]}}],"collection":[{"href":"https:\/\/www.3p-gmbh.de\/fr\/wp-json\/wp\/v2\/product"}],"about":[{"href":"https:\/\/www.3p-gmbh.de\/fr\/wp-json\/wp\/v2\/types\/product"}],"wp:featuredmedia":[{"embeddable":true,"href":"https:\/\/www.3p-gmbh.de\/fr\/wp-json\/wp\/v2\/media\/55014"}],"wp:attachment":[{"href":"https:\/\/www.3p-gmbh.de\/fr\/wp-json\/wp\/v2\/media?parent=93279"}],"wp:term":[{"taxonomy":"product_brand","embeddable":true,"href":"https:\/\/www.3p-gmbh.de\/fr\/wp-json\/wp\/v2\/product_brand?post=93279"},{"taxonomy":"product_cat","embeddable":true,"href":"https:\/\/www.3p-gmbh.de\/fr\/wp-json\/wp\/v2\/product_cat?post=93279"},{"taxonomy":"product_tag","embeddable":true,"href":"https:\/\/www.3p-gmbh.de\/fr\/wp-json\/wp\/v2\/product_tag?post=93279"}],"curies":[{"name":"wp","href":"https:\/\/api.w.org\/{rel}","templated":true}]}}