{"id":93267,"date":"2019-07-11T13:54:02","date_gmt":"2019-07-11T13:54:02","guid":{"rendered":"https:\/\/www.3p-gmbh.de\/produkt\/highwater-torrent-rip-v6-avec-sortie-tiff-luescher\/"},"modified":"2019-07-11T13:54:02","modified_gmt":"2019-07-11T13:54:02","slug":"highwater-torrent-rip-v6-pour-luescher-ctp","status":"publish","type":"product","link":"https:\/\/www.3p-gmbh.de\/fr\/produkt\/highwater-torrent-rip-v6-pour-luescher-ctp\/","title":{"rendered":"Highwater Torrent Rip V6 avec sortie Tiff (L\u00fcscher)"},"content":{"rendered":"<ul>\n<li>avec sortie Tiff 1 bit, par ex. pour les syst\u00e8mes CTP de L\u00fcscher<\/li>\n<li>Version du logiciel 6.0 SP 4 d<\/li>\n<li>Postscript niveau III, PDF<\/li>\n<li>Entr\u00e9e via Hotfolder ou imprimante Apple-Talk<\/li>\n<li>Sortie au format Tiff 1 bit (la sortie se fait via le r\u00e9seau sur Q2-Spooler, le Q2-Spooler n&rsquo;est pas fourni)<\/li>\n<li>Contenu de la livraison : dongle et CD d&rsquo;installation<\/li>\n<\/ul>\n","protected":false},"excerpt":{"rendered":"<p>avec sortie Tiff 1 bit, par ex. pour les syst\u00e8mes CTP de L\u00fcscher Version du logiciel 6.0 SP 4 d Postscript niveau III, PDF Entr\u00e9e via Hotfolder ou imprimante Apple-Talk Sortie au format Tiff 1 bit (la sortie se fait via le r\u00e9seau sur Q2-Spooler, le Q2-Spooler n&rsquo;est pas fourni) Contenu de la livraison : [&hellip;]<\/p>\n","protected":false},"featured_media":55029,"template":"","meta":[],"product_brand":[],"product_cat":[3013],"product_tag":[],"class_list":{"0":"post-93267","1":"product","2":"type-product","3":"status-publish","4":"has-post-thumbnail","6":"product_cat-logiciel-de-prepresse","7":"pa_baujahr-127","8":"pa_hersteller-highwater-torrent","9":"pa_typ-torrent-rip","11":"first","12":"instock","13":"sold-individually","14":"taxable","15":"shipping-taxable","16":"purchasable","17":"product-type-simple"},"jetpack_sharing_enabled":true,"_links":{"self":[{"href":"https:\/\/www.3p-gmbh.de\/fr\/wp-json\/wp\/v2\/product\/93267","targetHints":{"allow":["GET"]}}],"collection":[{"href":"https:\/\/www.3p-gmbh.de\/fr\/wp-json\/wp\/v2\/product"}],"about":[{"href":"https:\/\/www.3p-gmbh.de\/fr\/wp-json\/wp\/v2\/types\/product"}],"wp:featuredmedia":[{"embeddable":true,"href":"https:\/\/www.3p-gmbh.de\/fr\/wp-json\/wp\/v2\/media\/55029"}],"wp:attachment":[{"href":"https:\/\/www.3p-gmbh.de\/fr\/wp-json\/wp\/v2\/media?parent=93267"}],"wp:term":[{"taxonomy":"product_brand","embeddable":true,"href":"https:\/\/www.3p-gmbh.de\/fr\/wp-json\/wp\/v2\/product_brand?post=93267"},{"taxonomy":"product_cat","embeddable":true,"href":"https:\/\/www.3p-gmbh.de\/fr\/wp-json\/wp\/v2\/product_cat?post=93267"},{"taxonomy":"product_tag","embeddable":true,"href":"https:\/\/www.3p-gmbh.de\/fr\/wp-json\/wp\/v2\/product_tag?post=93267"}],"curies":[{"name":"wp","href":"https:\/\/api.w.org\/{rel}","templated":true}]}}