{"id":93259,"date":"2019-07-11T13:54:02","date_gmt":"2019-07-11T13:54:02","guid":{"rendered":"https:\/\/www.3p-gmbh.de\/produkt\/appareil-de-mesure-des-plaques-dimpression-acme\/"},"modified":"2019-07-11T13:54:02","modified_gmt":"2019-07-11T13:54:02","slug":"acme-plateforme-de-mesure-de-pression","status":"publish","type":"product","link":"https:\/\/www.3p-gmbh.de\/fr\/produkt\/acme-plateforme-de-mesure-de-pression\/","title":{"rendered":"Appareil de mesure des plaques d&rsquo;impression ACME"},"content":{"rendered":"<ul>\n<li>pour la mesure et l&rsquo;\u00e9valuation des plaques d&rsquo;impression thermique<\/li>\n<li>Mesure du pourcentage de la grille<\/li>\n<li>utilisation tr\u00e8s simple<\/li>\n<li>Calibrage directement sur la plaque d&rsquo;impression<\/li>\n<li>Alimentation \u00e9lectrique Pile 9 volts<\/li>\n<li>\u00e9cran LCD \u00e0 trois chiffres<\/li>\n<li>Technologie de mesure par cam\u00e9ra CCD<\/li>\n<li>voyant LED multicolore pour indiquer le processus de mesure et le calibrage<\/li>\n<\/ul>\n","protected":false},"excerpt":{"rendered":"<p>pour la mesure et l&rsquo;\u00e9valuation des plaques d&rsquo;impression thermique Mesure du pourcentage de la grille utilisation tr\u00e8s simple Calibrage directement sur la plaque d&rsquo;impression Alimentation \u00e9lectrique Pile 9 volts \u00e9cran LCD \u00e0 trois chiffres Technologie de mesure par cam\u00e9ra CCD voyant LED multicolore pour indiquer le processus de mesure et le calibrage<\/p>\n","protected":false},"featured_media":55023,"template":"","meta":[],"product_brand":[],"product_cat":[2930],"product_tag":[],"class_list":{"0":"post-93259","1":"product","2":"type-product","3":"status-publish","4":"has-post-thumbnail","6":"product_cat-instruments-de-mesure-et-assurance-qualite","7":"pa_baujahr-168","8":"pa_hersteller-acme","10":"first","11":"instock","12":"sold-individually","13":"taxable","14":"shipping-taxable","15":"purchasable","16":"product-type-simple"},"jetpack_sharing_enabled":true,"_links":{"self":[{"href":"https:\/\/www.3p-gmbh.de\/fr\/wp-json\/wp\/v2\/product\/93259","targetHints":{"allow":["GET"]}}],"collection":[{"href":"https:\/\/www.3p-gmbh.de\/fr\/wp-json\/wp\/v2\/product"}],"about":[{"href":"https:\/\/www.3p-gmbh.de\/fr\/wp-json\/wp\/v2\/types\/product"}],"wp:featuredmedia":[{"embeddable":true,"href":"https:\/\/www.3p-gmbh.de\/fr\/wp-json\/wp\/v2\/media\/55023"}],"wp:attachment":[{"href":"https:\/\/www.3p-gmbh.de\/fr\/wp-json\/wp\/v2\/media?parent=93259"}],"wp:term":[{"taxonomy":"product_brand","embeddable":true,"href":"https:\/\/www.3p-gmbh.de\/fr\/wp-json\/wp\/v2\/product_brand?post=93259"},{"taxonomy":"product_cat","embeddable":true,"href":"https:\/\/www.3p-gmbh.de\/fr\/wp-json\/wp\/v2\/product_cat?post=93259"},{"taxonomy":"product_tag","embeddable":true,"href":"https:\/\/www.3p-gmbh.de\/fr\/wp-json\/wp\/v2\/product_tag?post=93259"}],"curies":[{"name":"wp","href":"https:\/\/api.w.org\/{rel}","templated":true}]}}