{"id":93242,"date":"2019-07-11T13:54:09","date_gmt":"2019-07-11T13:54:09","guid":{"rendered":"https:\/\/www.3p-gmbh.de\/produkt\/systeme-ctp-thermique-heidelberg-suprasetter-105-s\/"},"modified":"2019-07-11T13:54:09","modified_gmt":"2019-07-11T13:54:09","slug":"imageuse-thermique-a-plaques-2","status":"publish","type":"product","link":"https:\/\/www.3p-gmbh.de\/fr\/produkt\/imageuse-thermique-a-plaques-2\/","title":{"rendered":"Syst\u00e8me CtP thermique Heidelberg Suprasetter 105 S"},"content":{"rendered":"<ul>\n<li>Ann\u00e9e de construction 3- 2007<\/li>\n<li>Puissance laser d&rsquo;environ 3400 heures seulement<\/li>\n<li>3 lasers thermiques 830 nm, pour un d\u00e9bit de max. 21 plaques\/h<\/li>\n<li>Min. Format de la plaque (hauteur \u00d7 largeur) 370 \u00d7 323 mm<\/li>\n<li>Max. Format du panneau (hauteur \u00d7 largeur) 930 \u00d7 1.140 mm<\/li>\n<li>\u00e9paisseur du panneau 0,15-0,35 mm<\/li>\n<li>r\u00e9solution de 2 400 ou 2 540 dpi<\/li>\n<li>Paire de poin\u00e7ons internes 780 mm \/ 425 mm<\/li>\n<li>SCL Chargeur de cassette unique<\/li>\n<li>unit\u00e9 de chargement et de d\u00e9chargement des plaques enti\u00e8rement automatique avec \u00e9limination automatique des papiers interm\u00e9diaires et pont \u00e0 90 degr\u00e9s int\u00e9gr\u00e9 vers le processeur en ligne<\/li>\n<li>Cassette contenant jusqu&rsquo;\u00e0 100 plaques (0,3 mm) ou 150 plaques (0,15 mm)<\/li>\n<li>Prinect MetaShooter<\/li>\n<li>Dimension Workflow 11.0<\/li>\n<li>pr\u00e9par\u00e9 pour l&rsquo;exposition lenticulaire Heidelberg<\/li>\n<li>Machine de d\u00e9veloppement de plaques Kodak Mercury 850<\/li>\n<li>Stacker avec trolley<\/li>\n<\/ul>\n","protected":false},"excerpt":{"rendered":"<p>Ann\u00e9e de construction 3- 2007 Puissance laser d&rsquo;environ 3400 heures seulement 3 lasers thermiques 830 nm, pour un d\u00e9bit de max. 21 plaques\/h Min. Format de la plaque (hauteur \u00d7 largeur) 370 \u00d7 323 mm Max. Format du panneau (hauteur \u00d7 largeur) 930 \u00d7 1.140 mm \u00e9paisseur du panneau 0,15-0,35 mm r\u00e9solution de 2 400 [&hellip;]<\/p>\n","protected":false},"featured_media":55046,"template":"","meta":[],"product_brand":[],"product_cat":[2864],"product_tag":[],"class_list":{"0":"post-93242","1":"product","2":"type-product","3":"status-publish","4":"has-post-thumbnail","6":"product_cat-systemes-computer-to-plate","7":"pa_baujahr-140","8":"pa_hersteller-heidelberg","9":"pa_typ-suprasetter-105-s","11":"first","12":"instock","13":"sold-individually","14":"taxable","15":"shipping-taxable","16":"purchasable","17":"product-type-simple"},"jetpack_sharing_enabled":true,"_links":{"self":[{"href":"https:\/\/www.3p-gmbh.de\/fr\/wp-json\/wp\/v2\/product\/93242","targetHints":{"allow":["GET"]}}],"collection":[{"href":"https:\/\/www.3p-gmbh.de\/fr\/wp-json\/wp\/v2\/product"}],"about":[{"href":"https:\/\/www.3p-gmbh.de\/fr\/wp-json\/wp\/v2\/types\/product"}],"wp:featuredmedia":[{"embeddable":true,"href":"https:\/\/www.3p-gmbh.de\/fr\/wp-json\/wp\/v2\/media\/55046"}],"wp:attachment":[{"href":"https:\/\/www.3p-gmbh.de\/fr\/wp-json\/wp\/v2\/media?parent=93242"}],"wp:term":[{"taxonomy":"product_brand","embeddable":true,"href":"https:\/\/www.3p-gmbh.de\/fr\/wp-json\/wp\/v2\/product_brand?post=93242"},{"taxonomy":"product_cat","embeddable":true,"href":"https:\/\/www.3p-gmbh.de\/fr\/wp-json\/wp\/v2\/product_cat?post=93242"},{"taxonomy":"product_tag","embeddable":true,"href":"https:\/\/www.3p-gmbh.de\/fr\/wp-json\/wp\/v2\/product_tag?post=93242"}],"curies":[{"name":"wp","href":"https:\/\/api.w.org\/{rel}","templated":true}]}}