{"id":93235,"date":"2019-07-11T13:54:02","date_gmt":"2019-07-11T13:54:02","guid":{"rendered":"https:\/\/www.3p-gmbh.de\/produkt\/systeme-ctp-thermique-screen-platerite-pt-r-8000\/"},"modified":"2019-07-11T13:54:02","modified_gmt":"2019-07-11T13:54:02","slug":"thermal-ctp-system-3","status":"publish","type":"product","link":"https:\/\/www.3p-gmbh.de\/fr\/produkt\/thermal-ctp-system-3\/","title":{"rendered":"Syst\u00e8me CtP thermique Screen Platerite PT-R 8000"},"content":{"rendered":"<ul>\n<li>  pour l&rsquo;exposition des plaques d&rsquo;impression thermique<\/li>\n<li>env. 135.000 plaques illustr\u00e9es<\/li>\n<li>r\u00e9solution 1200,2000, 2400, 2540, 4000 dpi<\/li>\n<li>32 diodes<\/li>\n<li>poin\u00e7onneuse automatique interne 425 et 780mm<\/li>\n<li>Autochargeur \u00e0 cassette unique<\/li>\n<li>Pont avec stacker<\/li>\n<\/ul>\n<p>Fuji Celebrant Suite Workflow version 6.1.3 avec mat\u00e9riel PC et dongle<br \/>\navec les d\u00e9connexions suivantes :<\/p>\n<p>Low Res Generic Proofer Option, Low Res Tiff Export Option, Tiff Export Module, Imposition, Class B Engine, Base PS Rip, HR (&gt;1200 dpi) Sortie Contone, HR (&gt;1200 dpi) screened output, InRip Trapping for Rip, LR (&amp;lt 1200 dpi) Contone output, Multi-PC configuration, Postscript Level III, Descreener, Merge and Screen Module, TIFF\/IT conversation, Primer, Class Inkjet Proofer<\/p>\n","protected":false},"excerpt":{"rendered":"<p>pour l&rsquo;exposition des plaques d&rsquo;impression thermique env. 135.000 plaques illustr\u00e9es r\u00e9solution 1200,2000, 2400, 2540, 4000 dpi 32 diodes poin\u00e7onneuse automatique interne 425 et 780mm Autochargeur \u00e0 cassette unique Pont avec stacker Fuji Celebrant Suite Workflow version 6.1.3 avec mat\u00e9riel PC et dongle avec les d\u00e9connexions suivantes : Low Res Generic Proofer Option, Low Res Tiff [&hellip;]<\/p>\n","protected":false},"featured_media":55039,"template":"","meta":[],"product_brand":[],"product_cat":[2864],"product_tag":[],"class_list":{"0":"post-93235","1":"product","2":"type-product","3":"status-publish","4":"has-post-thumbnail","6":"product_cat-systemes-computer-to-plate","7":"pa_baujahr-153","8":"pa_hersteller-screen-fuji-agfa","9":"pa_typ-platerite-pt-r-8000-mk-ii","11":"first","12":"instock","13":"sold-individually","14":"taxable","15":"shipping-taxable","16":"purchasable","17":"product-type-simple"},"jetpack_sharing_enabled":true,"_links":{"self":[{"href":"https:\/\/www.3p-gmbh.de\/fr\/wp-json\/wp\/v2\/product\/93235","targetHints":{"allow":["GET"]}}],"collection":[{"href":"https:\/\/www.3p-gmbh.de\/fr\/wp-json\/wp\/v2\/product"}],"about":[{"href":"https:\/\/www.3p-gmbh.de\/fr\/wp-json\/wp\/v2\/types\/product"}],"wp:featuredmedia":[{"embeddable":true,"href":"https:\/\/www.3p-gmbh.de\/fr\/wp-json\/wp\/v2\/media\/55039"}],"wp:attachment":[{"href":"https:\/\/www.3p-gmbh.de\/fr\/wp-json\/wp\/v2\/media?parent=93235"}],"wp:term":[{"taxonomy":"product_brand","embeddable":true,"href":"https:\/\/www.3p-gmbh.de\/fr\/wp-json\/wp\/v2\/product_brand?post=93235"},{"taxonomy":"product_cat","embeddable":true,"href":"https:\/\/www.3p-gmbh.de\/fr\/wp-json\/wp\/v2\/product_cat?post=93235"},{"taxonomy":"product_tag","embeddable":true,"href":"https:\/\/www.3p-gmbh.de\/fr\/wp-json\/wp\/v2\/product_tag?post=93235"}],"curies":[{"name":"wp","href":"https:\/\/api.w.org\/{rel}","templated":true}]}}