{"id":93231,"date":"2019-07-11T13:54:09","date_gmt":"2019-07-11T13:54:09","guid":{"rendered":"https:\/\/www.3p-gmbh.de\/produkt\/heidelberg-suprasetter-s-75-scl-machine-ctp-entierement-automatique\/"},"modified":"2019-07-11T13:54:09","modified_gmt":"2019-07-11T13:54:09","slug":"flasheuse-automatique-a-plaques","status":"publish","type":"product","link":"https:\/\/www.3p-gmbh.de\/fr\/produkt\/flasheuse-automatique-a-plaques\/","title":{"rendered":"Heidelberg Suprasetter S 75 SCL machine CtP enti\u00e8rement automatique"},"content":{"rendered":"<ul>\n<li>Enti\u00e8rement automatique avec deux cassettes de stockage de disques mobiles, qui doivent \u00eatre ins\u00e9r\u00e9es au choix<\/li>\n<li>laser thermique 830nm<\/li>\n<li>R\u00e9solution 2540<\/li>\n<li>min. format 370 x 324mm<\/li>\n<li>max. format 680 x 760mm<\/li>\n<li>\u00e9paisseur du panneau 0,15-0,30mm<\/li>\n<li>capacit\u00e9 d&rsquo;environ 21 plaques\/h<\/li>\n<li>inline Autoplate poin\u00e7onneuse 425 mm<\/li>\n<li>Heidelberg Meta Rip 4-up version 7.5.1<\/li>\n<li>Metashooter 4.5, CIP 4, Prinect Signa 4.5.3<\/li>\n<li>Prinect Color Proof 4.0<\/li>\n<li>Responsable pr\u00e9-presse M<\/li>\n<li>Station de gommage Glunz &amp; Jensen C 85 pour plaques sans processus<\/li>\n<li>Glunz &amp; Jensen empileur de plaques court<\/li>\n<\/ul>\n","protected":false},"excerpt":{"rendered":"<p>Enti\u00e8rement automatique avec deux cassettes de stockage de disques mobiles, qui doivent \u00eatre ins\u00e9r\u00e9es au choix laser thermique 830nm R\u00e9solution 2540 min. format 370 x 324mm max. format 680 x 760mm \u00e9paisseur du panneau 0,15-0,30mm capacit\u00e9 d&rsquo;environ 21 plaques\/h inline Autoplate poin\u00e7onneuse 425 mm Heidelberg Meta Rip 4-up version 7.5.1 Metashooter 4.5, CIP 4, Prinect [&hellip;]<\/p>\n","protected":false},"featured_media":55049,"template":"","meta":[],"product_brand":[],"product_cat":[2864],"product_tag":[],"class_list":{"0":"post-93231","1":"product","2":"type-product","3":"status-publish","4":"has-post-thumbnail","6":"product_cat-systemes-computer-to-plate","7":"pa_baujahr-127","8":"pa_hersteller-heidelberg","9":"pa_typ-suprasetter-s-75-scl","11":"first","12":"instock","13":"sold-individually","14":"taxable","15":"shipping-taxable","16":"purchasable","17":"product-type-simple"},"jetpack_sharing_enabled":true,"_links":{"self":[{"href":"https:\/\/www.3p-gmbh.de\/fr\/wp-json\/wp\/v2\/product\/93231","targetHints":{"allow":["GET"]}}],"collection":[{"href":"https:\/\/www.3p-gmbh.de\/fr\/wp-json\/wp\/v2\/product"}],"about":[{"href":"https:\/\/www.3p-gmbh.de\/fr\/wp-json\/wp\/v2\/types\/product"}],"wp:featuredmedia":[{"embeddable":true,"href":"https:\/\/www.3p-gmbh.de\/fr\/wp-json\/wp\/v2\/media\/55049"}],"wp:attachment":[{"href":"https:\/\/www.3p-gmbh.de\/fr\/wp-json\/wp\/v2\/media?parent=93231"}],"wp:term":[{"taxonomy":"product_brand","embeddable":true,"href":"https:\/\/www.3p-gmbh.de\/fr\/wp-json\/wp\/v2\/product_brand?post=93231"},{"taxonomy":"product_cat","embeddable":true,"href":"https:\/\/www.3p-gmbh.de\/fr\/wp-json\/wp\/v2\/product_cat?post=93231"},{"taxonomy":"product_tag","embeddable":true,"href":"https:\/\/www.3p-gmbh.de\/fr\/wp-json\/wp\/v2\/product_tag?post=93231"}],"curies":[{"name":"wp","href":"https:\/\/api.w.org\/{rel}","templated":true}]}}