{"id":93224,"date":"2019-07-11T13:54:09","date_gmt":"2019-07-11T13:54:09","guid":{"rendered":"https:\/\/www.3p-gmbh.de\/produkt\/systeme-ctp-thermique-heidelberg-suprasetter-74-s\/"},"modified":"2019-07-11T13:54:09","modified_gmt":"2019-07-11T13:54:09","slug":"systeme-octp-thermique-a-4-faces","status":"publish","type":"product","link":"https:\/\/www.3p-gmbh.de\/fr\/produkt\/systeme-octp-thermique-a-4-faces\/","title":{"rendered":"Syst\u00e8me CTP thermique Heidelberg Suprasetter 74 S"},"content":{"rendered":"<ul>\n<li>syst\u00e8me CTP thermique semi-automatique complet Heidelberg<\/li>\n<li>avec Printready Worklflow et gommage de lavage<\/li>\n<li>Ann\u00e9e de construction : ao\u00fbt 2006<\/li>\n<li>Prinect Meta Shooter<\/li>\n<li>Prinect Meta Rip<\/li>\n<li>Prinect Meta Printraedy Worklflow M<\/li>\n<li>Prinect Signastation<\/li>\n<li>Bo\u00eete \u00e0 outils PDF<\/li>\n<li>Imprimante d&rsquo;\u00e9preuves Epson<\/li>\n<li>poin\u00e7onnage interne des plaques 425mm Autoplate<\/li>\n<li>Aspiration pour plaques ablatives<\/li>\n<li>poin\u00e7onneuse automatique interne 425mm<\/li>\n<li>max. format de panneau 680&#215;750 mm<\/li>\n<li>min. format de plaque 370x323mm<\/li>\n<li>syst\u00e8me de plaques manuel, \u00e9jection automatique des plaques<\/li>\n<li>Capacit\u00e9 de sortie 19 plaques \/ heure en plein format<\/li>\n<li>Gommage de lavage Glunz &amp; Jensen C 85 avec Stacker Advant PST 26<\/li>\n<\/ul>\n","protected":false},"excerpt":{"rendered":"<p>syst\u00e8me CTP thermique semi-automatique complet Heidelberg avec Printready Worklflow et gommage de lavage Ann\u00e9e de construction : ao\u00fbt 2006 Prinect Meta Shooter Prinect Meta Rip Prinect Meta Printraedy Worklflow M Prinect Signastation Bo\u00eete \u00e0 outils PDF Imprimante d&rsquo;\u00e9preuves Epson poin\u00e7onnage interne des plaques 425mm Autoplate Aspiration pour plaques ablatives poin\u00e7onneuse automatique interne 425mm max. format [&hellip;]<\/p>\n","protected":false},"featured_media":56876,"template":"","meta":[],"product_brand":[],"product_cat":[2864],"product_tag":[],"class_list":{"0":"post-93224","1":"product","2":"type-product","3":"status-publish","4":"has-post-thumbnail","6":"product_cat-systemes-computer-to-plate","7":"pa_baujahr-127","8":"pa_hersteller-heidelberg","9":"pa_typ-suprasetter-74-s","11":"first","12":"instock","13":"sold-individually","14":"taxable","15":"shipping-taxable","16":"purchasable","17":"product-type-simple"},"jetpack_sharing_enabled":true,"_links":{"self":[{"href":"https:\/\/www.3p-gmbh.de\/fr\/wp-json\/wp\/v2\/product\/93224","targetHints":{"allow":["GET"]}}],"collection":[{"href":"https:\/\/www.3p-gmbh.de\/fr\/wp-json\/wp\/v2\/product"}],"about":[{"href":"https:\/\/www.3p-gmbh.de\/fr\/wp-json\/wp\/v2\/types\/product"}],"wp:featuredmedia":[{"embeddable":true,"href":"https:\/\/www.3p-gmbh.de\/fr\/wp-json\/wp\/v2\/media\/56876"}],"wp:attachment":[{"href":"https:\/\/www.3p-gmbh.de\/fr\/wp-json\/wp\/v2\/media?parent=93224"}],"wp:term":[{"taxonomy":"product_brand","embeddable":true,"href":"https:\/\/www.3p-gmbh.de\/fr\/wp-json\/wp\/v2\/product_brand?post=93224"},{"taxonomy":"product_cat","embeddable":true,"href":"https:\/\/www.3p-gmbh.de\/fr\/wp-json\/wp\/v2\/product_cat?post=93224"},{"taxonomy":"product_tag","embeddable":true,"href":"https:\/\/www.3p-gmbh.de\/fr\/wp-json\/wp\/v2\/product_tag?post=93224"}],"curies":[{"name":"wp","href":"https:\/\/api.w.org\/{rel}","templated":true}]}}