{"id":93223,"date":"2019-07-11T13:54:09","date_gmt":"2019-07-11T13:54:09","guid":{"rendered":"https:\/\/www.3p-gmbh.de\/produkt\/systeme-ctp-thermique-heidelberg-suprasetter-a-74\/"},"modified":"2019-07-11T13:54:09","modified_gmt":"2019-07-11T13:54:09","slug":"imageuse-thermique-a-plaques-4","status":"publish","type":"product","link":"https:\/\/www.3p-gmbh.de\/fr\/produkt\/imageuse-thermique-a-plaques-4\/","title":{"rendered":"Syst\u00e8me CtP thermique Heidelberg Suprasetter A 74"},"content":{"rendered":"<ul>\n<li>Semi-automatique avec installation manuelle<\/li>\n<li>Laser thermique 830 nm<\/li>\n<li>r\u00e9solution 2540 dpi<\/li>\n<li>min. format 370 x 324 mm<\/li>\n<li>max. format 680 x 760 mm<\/li>\n<li>\u00e9paisseur du panneau 0,15-0,30 mm<\/li>\n<li>capacit\u00e9 d&rsquo;environ 21 plaques\/h<\/li>\n<li>inline Autoplate poin\u00e7onneuse 425 mm<\/li>\n<li>Heidelberg Meta Rip 7.5.1 avec Meta Shooter<\/li>\n<li>avec Prinect SignaStation<\/li>\n<\/ul>\n","protected":false},"excerpt":{"rendered":"<p>Semi-automatique avec installation manuelle Laser thermique 830 nm r\u00e9solution 2540 dpi min. format 370 x 324 mm max. format 680 x 760 mm \u00e9paisseur du panneau 0,15-0,30 mm capacit\u00e9 d&rsquo;environ 21 plaques\/h inline Autoplate poin\u00e7onneuse 425 mm Heidelberg Meta Rip 7.5.1 avec Meta Shooter avec Prinect SignaStation<\/p>\n","protected":false},"featured_media":55058,"template":"","meta":[],"product_brand":[],"product_cat":[2864],"product_tag":[],"class_list":{"0":"post-93223","1":"product","2":"type-product","3":"status-publish","4":"has-post-thumbnail","6":"product_cat-systemes-computer-to-plate","7":"pa_baujahr-140","8":"pa_hersteller-heidelberg","9":"pa_typ-suprasetter-a-74","11":"first","12":"instock","13":"sold-individually","14":"taxable","15":"shipping-taxable","16":"purchasable","17":"product-type-simple"},"jetpack_sharing_enabled":true,"_links":{"self":[{"href":"https:\/\/www.3p-gmbh.de\/fr\/wp-json\/wp\/v2\/product\/93223","targetHints":{"allow":["GET"]}}],"collection":[{"href":"https:\/\/www.3p-gmbh.de\/fr\/wp-json\/wp\/v2\/product"}],"about":[{"href":"https:\/\/www.3p-gmbh.de\/fr\/wp-json\/wp\/v2\/types\/product"}],"wp:featuredmedia":[{"embeddable":true,"href":"https:\/\/www.3p-gmbh.de\/fr\/wp-json\/wp\/v2\/media\/55058"}],"wp:attachment":[{"href":"https:\/\/www.3p-gmbh.de\/fr\/wp-json\/wp\/v2\/media?parent=93223"}],"wp:term":[{"taxonomy":"product_brand","embeddable":true,"href":"https:\/\/www.3p-gmbh.de\/fr\/wp-json\/wp\/v2\/product_brand?post=93223"},{"taxonomy":"product_cat","embeddable":true,"href":"https:\/\/www.3p-gmbh.de\/fr\/wp-json\/wp\/v2\/product_cat?post=93223"},{"taxonomy":"product_tag","embeddable":true,"href":"https:\/\/www.3p-gmbh.de\/fr\/wp-json\/wp\/v2\/product_tag?post=93223"}],"curies":[{"name":"wp","href":"https:\/\/api.w.org\/{rel}","templated":true}]}}