{"id":93214,"date":"2019-07-11T13:54:09","date_gmt":"2019-07-11T13:54:09","guid":{"rendered":"https:\/\/www.3p-gmbh.de\/produkt\/systeme-ctp-thermique-heidelberg-suprasetter-105\/"},"modified":"2019-07-11T13:54:09","modified_gmt":"2019-07-11T13:54:09","slug":"thermal-ctp-entierement-automatique","status":"publish","type":"product","link":"https:\/\/www.3p-gmbh.de\/fr\/produkt\/thermal-ctp-entierement-automatique\/","title":{"rendered":"Syst\u00e8me CtP thermique Heidelberg Suprasetter 105"},"content":{"rendered":"<ul>\n<li>Ann\u00e9e de construction : 2005<\/li>\n<li>Laser thermique 830 nm pour un d\u00e9bit d&rsquo;environ 18 plaques plein format par heure<\/li>\n<li>Syst\u00e8me de chargement \u00e0 cassette unique avec deux chariots \u00e0 disques<\/li>\n<li>interne Heidelberg Autoplate perforatrice \u00e0 registre distance de perforation 780mm<\/li>\n<li>Prinect MetaShooter<\/li>\n<li>Prinect MetaDimension Workflow<\/li>\n<li>Kodak Mercury 850 MK VI D\u00e9veloppement thermique<\/li>\n<li>Empileur de plaques Kodak avec chariot<\/li>\n<\/ul>\n","protected":false},"excerpt":{"rendered":"<p>Ann\u00e9e de construction : 2005 Laser thermique 830 nm pour un d\u00e9bit d&rsquo;environ 18 plaques plein format par heure Syst\u00e8me de chargement \u00e0 cassette unique avec deux chariots \u00e0 disques interne Heidelberg Autoplate perforatrice \u00e0 registre distance de perforation 780mm Prinect MetaShooter Prinect MetaDimension Workflow Kodak Mercury 850 MK VI D\u00e9veloppement thermique Empileur de plaques [&hellip;]<\/p>\n","protected":false},"featured_media":55063,"template":"","meta":[],"product_brand":[],"product_cat":[2864],"product_tag":[],"class_list":{"0":"post-93214","1":"product","2":"type-product","3":"status-publish","4":"has-post-thumbnail","6":"product_cat-systemes-computer-to-plate","7":"pa_baujahr-168","8":"pa_hersteller-heidelberg","9":"pa_typ-suprasetter-105","11":"first","12":"instock","13":"sold-individually","14":"taxable","15":"shipping-taxable","16":"purchasable","17":"product-type-simple"},"jetpack_sharing_enabled":true,"_links":{"self":[{"href":"https:\/\/www.3p-gmbh.de\/fr\/wp-json\/wp\/v2\/product\/93214","targetHints":{"allow":["GET"]}}],"collection":[{"href":"https:\/\/www.3p-gmbh.de\/fr\/wp-json\/wp\/v2\/product"}],"about":[{"href":"https:\/\/www.3p-gmbh.de\/fr\/wp-json\/wp\/v2\/types\/product"}],"wp:featuredmedia":[{"embeddable":true,"href":"https:\/\/www.3p-gmbh.de\/fr\/wp-json\/wp\/v2\/media\/55063"}],"wp:attachment":[{"href":"https:\/\/www.3p-gmbh.de\/fr\/wp-json\/wp\/v2\/media?parent=93214"}],"wp:term":[{"taxonomy":"product_brand","embeddable":true,"href":"https:\/\/www.3p-gmbh.de\/fr\/wp-json\/wp\/v2\/product_brand?post=93214"},{"taxonomy":"product_cat","embeddable":true,"href":"https:\/\/www.3p-gmbh.de\/fr\/wp-json\/wp\/v2\/product_cat?post=93214"},{"taxonomy":"product_tag","embeddable":true,"href":"https:\/\/www.3p-gmbh.de\/fr\/wp-json\/wp\/v2\/product_tag?post=93214"}],"curies":[{"name":"wp","href":"https:\/\/api.w.org\/{rel}","templated":true}]}}