{"id":93204,"date":"2019-07-11T13:54:09","date_gmt":"2019-07-11T13:54:09","guid":{"rendered":"https:\/\/www.3p-gmbh.de\/produkt\/systeme-ctp-thermique-kodak-magnus-800-entierement-automatique\/"},"modified":"2019-07-11T13:54:09","modified_gmt":"2019-07-11T13:54:09","slug":"8-pages-thermiques-ctp-automatiques","status":"publish","type":"product","link":"https:\/\/www.3p-gmbh.de\/fr\/produkt\/8-pages-thermiques-ctp-automatiques\/","title":{"rendered":"Syst\u00e8me CtP thermique Kodak Magnus 800 enti\u00e8rement automatique"},"content":{"rendered":"<ul>\n<li>capacit\u00e9 de distribution 15 plaques\/heure<\/li>\n<li>Laser IR, 830 nm pour le traitement des plaques d&rsquo;impression thermiques<\/li>\n<li>max. Format de la plaque d&rsquo;impression 1162 x 950 mm<\/li>\n<li>min. Format de la plaque d&rsquo;impression 330 x 380 mm<\/li>\n<li>\u00e9paisseur des panneaux de 0,15 \u00e0 0,4 mm<\/li>\n<li>r\u00e9solution de 2400 dpi<\/li>\n<li>Autochargeur SCU avec une cassette<\/li>\n<li>poin\u00e7onnage interne Autoplate 780mm<\/li>\n<li>Debris Removal (aspiration)<\/li>\n<li>Flux de travail Prinergy<\/li>\n<li>Kodak Mercury 125 avec empileur de plaques avec chariot de d\u00e9pose<\/li>\n<\/ul>\n","protected":false},"excerpt":{"rendered":"<p>capacit\u00e9 de distribution 15 plaques\/heure Laser IR, 830 nm pour le traitement des plaques d&rsquo;impression thermiques max. Format de la plaque d&rsquo;impression 1162 x 950 mm min. Format de la plaque d&rsquo;impression 330 x 380 mm \u00e9paisseur des panneaux de 0,15 \u00e0 0,4 mm r\u00e9solution de 2400 dpi Autochargeur SCU avec une cassette poin\u00e7onnage interne [&hellip;]<\/p>\n","protected":false},"featured_media":55072,"template":"","meta":[],"product_brand":[],"product_cat":[2864],"product_tag":[],"class_list":{"0":"post-93204","1":"product","2":"type-product","3":"status-publish","4":"has-post-thumbnail","6":"product_cat-systemes-computer-to-plate","7":"pa_baujahr-127","8":"pa_hersteller-kodak","9":"pa_typ-magnus-800","11":"first","12":"instock","13":"sold-individually","14":"taxable","15":"shipping-taxable","16":"purchasable","17":"product-type-simple"},"jetpack_sharing_enabled":true,"_links":{"self":[{"href":"https:\/\/www.3p-gmbh.de\/fr\/wp-json\/wp\/v2\/product\/93204","targetHints":{"allow":["GET"]}}],"collection":[{"href":"https:\/\/www.3p-gmbh.de\/fr\/wp-json\/wp\/v2\/product"}],"about":[{"href":"https:\/\/www.3p-gmbh.de\/fr\/wp-json\/wp\/v2\/types\/product"}],"wp:featuredmedia":[{"embeddable":true,"href":"https:\/\/www.3p-gmbh.de\/fr\/wp-json\/wp\/v2\/media\/55072"}],"wp:attachment":[{"href":"https:\/\/www.3p-gmbh.de\/fr\/wp-json\/wp\/v2\/media?parent=93204"}],"wp:term":[{"taxonomy":"product_brand","embeddable":true,"href":"https:\/\/www.3p-gmbh.de\/fr\/wp-json\/wp\/v2\/product_brand?post=93204"},{"taxonomy":"product_cat","embeddable":true,"href":"https:\/\/www.3p-gmbh.de\/fr\/wp-json\/wp\/v2\/product_cat?post=93204"},{"taxonomy":"product_tag","embeddable":true,"href":"https:\/\/www.3p-gmbh.de\/fr\/wp-json\/wp\/v2\/product_tag?post=93204"}],"curies":[{"name":"wp","href":"https:\/\/api.w.org\/{rel}","templated":true}]}}