{"id":93199,"date":"2019-07-11T13:54:09","date_gmt":"2019-07-11T13:54:09","guid":{"rendered":"https:\/\/www.3p-gmbh.de\/produkt\/unite-dexposition-des-plaques-polyester-esko-dpx-4\/"},"modified":"2019-07-11T13:54:09","modified_gmt":"2019-07-11T13:54:09","slug":"flasheuse-a-plaques-polyester","status":"publish","type":"product","link":"https:\/\/www.3p-gmbh.de\/fr\/produkt\/flasheuse-a-plaques-polyester\/","title":{"rendered":"Unit\u00e9 d&rsquo;exposition des plaques polyester Esko DPX-4"},"content":{"rendered":"<ul>\n<li>Syst\u00e8me : CTP \u00e0 tambour interne, enti\u00e8rement automatique<\/li>\n<li>Vitesse : 27 plaques\/heure \u00e0 2.540 dpi<\/li>\n<li>Plaques d&rsquo;impression : plaques en polyester Mitsubishi Silver Digiplate<\/li>\n<li>Format du panneau : max. 680 x 750 mm<\/li>\n<li>Format d&rsquo;exposition : max. 654 x 747 mm<\/li>\n<li>Poin\u00e7onneuse int\u00e9gr\u00e9e Bacher 2000, 425 mm<\/li>\n<li>Laser : diode laser rouge, 670 nm<\/li>\n<li>Taille des points : 10 &#8211; 26 \u00b5m<\/li>\n<li>r\u00e9solution : 1.200 &#8211; 3.000 dpi<\/li>\n<li>R\u00e9p\u00e9tabilit\u00e9 : 0,0075 mm de motif \u00e0 motif<\/li>\n<li>Unit\u00e9 de d\u00e9veloppement : d\u00e9veloppement int\u00e9gr\u00e9 \u00e0 2 bains<\/li>\n<li>S\u00e9choir : int\u00e9gr\u00e9<\/li>\n<li>Cassettes de mat\u00e9riel : 2<\/li>\n<li>Logiciel RIP : RipMate, bas\u00e9 sur Harlequin Genesis Release<\/li>\n<li>Poin\u00e7onnage : de t\u00eate et\/ou de c\u00f4t\u00e9<\/li>\n<\/ul>\n","protected":false},"excerpt":{"rendered":"<p>Syst\u00e8me : CTP \u00e0 tambour interne, enti\u00e8rement automatique Vitesse : 27 plaques\/heure \u00e0 2.540 dpi Plaques d&rsquo;impression : plaques en polyester Mitsubishi Silver Digiplate Format du panneau : max. 680 x 750 mm Format d&rsquo;exposition : max. 654 x 747 mm Poin\u00e7onneuse int\u00e9gr\u00e9e Bacher 2000, 425 mm Laser : diode laser rouge, 670 nm Taille [&hellip;]<\/p>\n","protected":false},"featured_media":57127,"template":"","meta":[],"product_brand":[],"product_cat":[2864],"product_tag":[],"class_list":{"0":"post-93199","1":"product","2":"type-product","3":"status-publish","4":"has-post-thumbnail","6":"product_cat-systemes-computer-to-plate","7":"pa_baujahr-198","8":"pa_hersteller-mitsubishi-esko","9":"pa_typ-dpx-4","11":"first","12":"instock","13":"sold-individually","14":"taxable","15":"shipping-taxable","16":"purchasable","17":"product-type-simple"},"jetpack_sharing_enabled":true,"_links":{"self":[{"href":"https:\/\/www.3p-gmbh.de\/fr\/wp-json\/wp\/v2\/product\/93199","targetHints":{"allow":["GET"]}}],"collection":[{"href":"https:\/\/www.3p-gmbh.de\/fr\/wp-json\/wp\/v2\/product"}],"about":[{"href":"https:\/\/www.3p-gmbh.de\/fr\/wp-json\/wp\/v2\/types\/product"}],"wp:featuredmedia":[{"embeddable":true,"href":"https:\/\/www.3p-gmbh.de\/fr\/wp-json\/wp\/v2\/media\/57127"}],"wp:attachment":[{"href":"https:\/\/www.3p-gmbh.de\/fr\/wp-json\/wp\/v2\/media?parent=93199"}],"wp:term":[{"taxonomy":"product_brand","embeddable":true,"href":"https:\/\/www.3p-gmbh.de\/fr\/wp-json\/wp\/v2\/product_brand?post=93199"},{"taxonomy":"product_cat","embeddable":true,"href":"https:\/\/www.3p-gmbh.de\/fr\/wp-json\/wp\/v2\/product_cat?post=93199"},{"taxonomy":"product_tag","embeddable":true,"href":"https:\/\/www.3p-gmbh.de\/fr\/wp-json\/wp\/v2\/product_tag?post=93199"}],"curies":[{"name":"wp","href":"https:\/\/api.w.org\/{rel}","templated":true}]}}