{"id":93196,"date":"2019-07-11T13:54:09","date_gmt":"2019-07-11T13:54:09","guid":{"rendered":"https:\/\/www.3p-gmbh.de\/produkt\/serveur-de-flux-de-travail-dell-kodak-premium\/"},"modified":"2019-07-11T13:54:09","modified_gmt":"2019-07-11T13:54:09","slug":"dell-kodak-premium-workflow-server","status":"publish","type":"product","link":"https:\/\/www.3p-gmbh.de\/fr\/produkt\/dell-kodak-premium-workflow-server\/","title":{"rendered":"Serveur de flux de travail Dell\/Kodak Premium"},"content":{"rendered":"<p>avec dongle et codes de d\u00e9verrouillage, pr\u00e9install\u00e9 sur du mat\u00e9riel Dell certifi\u00e9<\/p>\n","protected":false},"excerpt":{"rendered":"<p>avec dongle et codes de d\u00e9verrouillage, pr\u00e9install\u00e9 sur du mat\u00e9riel Dell certifi\u00e9<\/p>\n","protected":false},"featured_media":55084,"template":"","meta":[],"product_brand":[],"product_cat":[3013],"product_tag":[],"class_list":{"0":"post-93196","1":"product","2":"type-product","3":"status-publish","4":"has-post-thumbnail","6":"product_cat-logiciel-de-prepresse","7":"pa_baujahr-127","8":"pa_hersteller-dell-kodak","9":"pa_typ-poweredge-2800","11":"first","12":"instock","13":"sold-individually","14":"taxable","15":"shipping-taxable","16":"purchasable","17":"product-type-simple"},"jetpack_sharing_enabled":true,"_links":{"self":[{"href":"https:\/\/www.3p-gmbh.de\/fr\/wp-json\/wp\/v2\/product\/93196","targetHints":{"allow":["GET"]}}],"collection":[{"href":"https:\/\/www.3p-gmbh.de\/fr\/wp-json\/wp\/v2\/product"}],"about":[{"href":"https:\/\/www.3p-gmbh.de\/fr\/wp-json\/wp\/v2\/types\/product"}],"wp:featuredmedia":[{"embeddable":true,"href":"https:\/\/www.3p-gmbh.de\/fr\/wp-json\/wp\/v2\/media\/55084"}],"wp:attachment":[{"href":"https:\/\/www.3p-gmbh.de\/fr\/wp-json\/wp\/v2\/media?parent=93196"}],"wp:term":[{"taxonomy":"product_brand","embeddable":true,"href":"https:\/\/www.3p-gmbh.de\/fr\/wp-json\/wp\/v2\/product_brand?post=93196"},{"taxonomy":"product_cat","embeddable":true,"href":"https:\/\/www.3p-gmbh.de\/fr\/wp-json\/wp\/v2\/product_cat?post=93196"},{"taxonomy":"product_tag","embeddable":true,"href":"https:\/\/www.3p-gmbh.de\/fr\/wp-json\/wp\/v2\/product_tag?post=93196"}],"curies":[{"name":"wp","href":"https:\/\/api.w.org\/{rel}","templated":true}]}}