{"id":93163,"date":"2019-07-11T13:53:23","date_gmt":"2019-07-11T13:53:23","guid":{"rendered":"https:\/\/www.3p-gmbh.de\/produkt\/unite-dimpression-folioteur-heidelberg-sm-52\/"},"modified":"2019-07-11T13:53:23","modified_gmt":"2019-07-11T13:53:23","slug":"dispositif-de-numerotation-a-impression-sm-52","status":"publish","type":"product","link":"https:\/\/www.3p-gmbh.de\/fr\/produkt\/dispositif-de-numerotation-a-impression-sm-52\/","title":{"rendered":"Unit\u00e9 d&rsquo;impression\/folioteur Heidelberg SM 52"},"content":{"rendered":"<p>Groupe d&rsquo;impression pour la num\u00e9rotation pour les versions Heidelberg Speedmaster SM 52 Plus, comprenant<\/p>\n<ul>\n<li>1 encrier avec rouleaux encreurs<\/li>\n<li>1 arbre du num\u00e9rateur<\/li>\n<li>2 anneaux de si\u00e8ge<\/li>\n<li>4 unit\u00e9s de num\u00e9rotation au choix (comptage en avant ou en arri\u00e8re, en longueur ou en largeur)<\/li>\n<li>1 gabarit d&rsquo;espacement<\/li>\n<li>2 supports de clich\u00e9s<\/li>\n<li>1 bras de commande simple<\/li>\n<li>1 bras de commutation double<\/li>\n<li>divers t\u00f4les de guidage<\/li>\n<\/ul>\n","protected":false},"excerpt":{"rendered":"<p>Groupe d&rsquo;impression pour la num\u00e9rotation pour les versions Heidelberg Speedmaster SM 52 Plus, comprenant 1 encrier avec rouleaux encreurs 1 arbre du num\u00e9rateur 2 anneaux de si\u00e8ge 4 unit\u00e9s de num\u00e9rotation au choix (comptage en avant ou en arri\u00e8re, en longueur ou en largeur) 1 gabarit d&rsquo;espacement 2 supports de clich\u00e9s 1 bras de commande [&hellip;]<\/p>\n","protected":false},"featured_media":54879,"template":"","meta":[],"product_brand":[],"product_cat":[2902],"product_tag":[],"class_list":{"0":"post-93163","1":"product","2":"type-product","3":"status-publish","4":"has-post-thumbnail","6":"product_cat-accessoires-et-pieces-de-rechange-pour-machines-dimpression","7":"pa_baujahr-198","8":"pa_hersteller-heidelberg","9":"pa_typ-leibinger","11":"first","12":"instock","13":"sold-individually","14":"taxable","15":"shipping-taxable","16":"purchasable","17":"product-type-simple"},"jetpack_sharing_enabled":true,"_links":{"self":[{"href":"https:\/\/www.3p-gmbh.de\/fr\/wp-json\/wp\/v2\/product\/93163","targetHints":{"allow":["GET"]}}],"collection":[{"href":"https:\/\/www.3p-gmbh.de\/fr\/wp-json\/wp\/v2\/product"}],"about":[{"href":"https:\/\/www.3p-gmbh.de\/fr\/wp-json\/wp\/v2\/types\/product"}],"wp:featuredmedia":[{"embeddable":true,"href":"https:\/\/www.3p-gmbh.de\/fr\/wp-json\/wp\/v2\/media\/54879"}],"wp:attachment":[{"href":"https:\/\/www.3p-gmbh.de\/fr\/wp-json\/wp\/v2\/media?parent=93163"}],"wp:term":[{"taxonomy":"product_brand","embeddable":true,"href":"https:\/\/www.3p-gmbh.de\/fr\/wp-json\/wp\/v2\/product_brand?post=93163"},{"taxonomy":"product_cat","embeddable":true,"href":"https:\/\/www.3p-gmbh.de\/fr\/wp-json\/wp\/v2\/product_cat?post=93163"},{"taxonomy":"product_tag","embeddable":true,"href":"https:\/\/www.3p-gmbh.de\/fr\/wp-json\/wp\/v2\/product_tag?post=93163"}],"curies":[{"name":"wp","href":"https:\/\/api.w.org\/{rel}","templated":true}]}}