{"id":93159,"date":"2019-07-11T13:53:23","date_gmt":"2019-07-11T13:53:23","guid":{"rendered":"https:\/\/www.3p-gmbh.de\/produkt\/megastahl-modell-vii-armoire-a-tiroirs\/"},"modified":"2019-07-11T13:53:23","modified_gmt":"2019-07-11T13:53:23","slug":"armoire-a-tiroirs","status":"publish","type":"product","link":"https:\/\/www.3p-gmbh.de\/fr\/produkt\/armoire-a-tiroirs\/","title":{"rendered":"Megastahl Modell VII Armoire \u00e0 tiroirs"},"content":{"rendered":"<ul>\n<li>construction en acier stable et \u00e9prouv\u00e9e avec des tiroirs au format adapt\u00e9<\/li>\n<li>des guides \u00e0 roulement \u00e0 billes tr\u00e8s r\u00e9sistants<\/li>\n<li>9 tiroirs chacun d&rsquo;environ 8 cm de hauteur avec des dimensions utiles d&rsquo;environ 1200 x 1650 mm<\/li>\n<\/ul>\n","protected":false},"excerpt":{"rendered":"<p>construction en acier stable et \u00e9prouv\u00e9e avec des tiroirs au format adapt\u00e9 des guides \u00e0 roulement \u00e0 billes tr\u00e8s r\u00e9sistants 9 tiroirs chacun d&rsquo;environ 8 cm de hauteur avec des dimensions utiles d&rsquo;environ 1200 x 1650 mm<\/p>\n","protected":false},"featured_media":54878,"template":"","meta":[],"product_brand":[],"product_cat":[2920],"product_tag":[],"class_list":{"0":"post-93159","1":"product","2":"type-product","3":"status-publish","4":"has-post-thumbnail","6":"product_cat-technique-de-stockage","7":"pa_baujahr-127","8":"pa_hersteller-mega-stahl","9":"pa_typ-modell-vii","11":"first","12":"instock","13":"sold-individually","14":"taxable","15":"shipping-taxable","16":"purchasable","17":"product-type-simple"},"jetpack_sharing_enabled":true,"_links":{"self":[{"href":"https:\/\/www.3p-gmbh.de\/fr\/wp-json\/wp\/v2\/product\/93159","targetHints":{"allow":["GET"]}}],"collection":[{"href":"https:\/\/www.3p-gmbh.de\/fr\/wp-json\/wp\/v2\/product"}],"about":[{"href":"https:\/\/www.3p-gmbh.de\/fr\/wp-json\/wp\/v2\/types\/product"}],"wp:featuredmedia":[{"embeddable":true,"href":"https:\/\/www.3p-gmbh.de\/fr\/wp-json\/wp\/v2\/media\/54878"}],"wp:attachment":[{"href":"https:\/\/www.3p-gmbh.de\/fr\/wp-json\/wp\/v2\/media?parent=93159"}],"wp:term":[{"taxonomy":"product_brand","embeddable":true,"href":"https:\/\/www.3p-gmbh.de\/fr\/wp-json\/wp\/v2\/product_brand?post=93159"},{"taxonomy":"product_cat","embeddable":true,"href":"https:\/\/www.3p-gmbh.de\/fr\/wp-json\/wp\/v2\/product_cat?post=93159"},{"taxonomy":"product_tag","embeddable":true,"href":"https:\/\/www.3p-gmbh.de\/fr\/wp-json\/wp\/v2\/product_tag?post=93159"}],"curies":[{"name":"wp","href":"https:\/\/api.w.org\/{rel}","templated":true}]}}