{"id":93155,"date":"2019-07-11T13:53:31","date_gmt":"2019-07-11T13:53:31","guid":{"rendered":"https:\/\/www.3p-gmbh.de\/produkt\/fermeuse-de-boites-vacumatic-vacuum\/"},"modified":"2019-07-11T13:53:31","modified_gmt":"2019-07-11T13:53:31","slug":"fermeuse-de-boites-a-vide","status":"publish","type":"product","link":"https:\/\/www.3p-gmbh.de\/fr\/produkt\/fermeuse-de-boites-a-vide\/","title":{"rendered":"Fermeuse de bo\u00eetes Vacumatic Vacuum"},"content":{"rendered":"<ul>\n<li>pour bo\u00eetes de 1kg et 2,5kg<\/li>\n<li>moins de formation de peau et pas de s\u00e9chage des bo\u00eetes entam\u00e9es (particuli\u00e8rement utile pour les couleurs sp\u00e9ciales)<\/li>\n<\/ul>\n","protected":false},"excerpt":{"rendered":"<p>pour bo\u00eetes de 1kg et 2,5kg moins de formation de peau et pas de s\u00e9chage des bo\u00eetes entam\u00e9es (particuli\u00e8rement utile pour les couleurs sp\u00e9ciales)<\/p>\n","protected":false},"featured_media":54895,"template":"","meta":[],"product_brand":[],"product_cat":[2902],"product_tag":[],"class_list":{"0":"post-93155","1":"product","2":"type-product","3":"status-publish","4":"has-post-thumbnail","6":"product_cat-accessoires-et-pieces-de-rechange-pour-machines-dimpression","7":"pa_baujahr-205","8":"pa_hersteller-vacumatic","10":"first","11":"instock","12":"sold-individually","13":"taxable","14":"shipping-taxable","15":"purchasable","16":"product-type-simple"},"jetpack_sharing_enabled":true,"_links":{"self":[{"href":"https:\/\/www.3p-gmbh.de\/fr\/wp-json\/wp\/v2\/product\/93155","targetHints":{"allow":["GET"]}}],"collection":[{"href":"https:\/\/www.3p-gmbh.de\/fr\/wp-json\/wp\/v2\/product"}],"about":[{"href":"https:\/\/www.3p-gmbh.de\/fr\/wp-json\/wp\/v2\/types\/product"}],"wp:featuredmedia":[{"embeddable":true,"href":"https:\/\/www.3p-gmbh.de\/fr\/wp-json\/wp\/v2\/media\/54895"}],"wp:attachment":[{"href":"https:\/\/www.3p-gmbh.de\/fr\/wp-json\/wp\/v2\/media?parent=93155"}],"wp:term":[{"taxonomy":"product_brand","embeddable":true,"href":"https:\/\/www.3p-gmbh.de\/fr\/wp-json\/wp\/v2\/product_brand?post=93155"},{"taxonomy":"product_cat","embeddable":true,"href":"https:\/\/www.3p-gmbh.de\/fr\/wp-json\/wp\/v2\/product_cat?post=93155"},{"taxonomy":"product_tag","embeddable":true,"href":"https:\/\/www.3p-gmbh.de\/fr\/wp-json\/wp\/v2\/product_tag?post=93155"}],"curies":[{"name":"wp","href":"https:\/\/api.w.org\/{rel}","templated":true}]}}