{"id":93143,"date":"2019-07-11T13:53:31","date_gmt":"2019-07-11T13:53:31","guid":{"rendered":"https:\/\/www.3p-gmbh.de\/produkt\/hachette-pb-s-40-pliage-de-la-plaque-dimpression\/"},"modified":"2019-07-11T13:53:31","modified_gmt":"2019-07-11T13:53:31","slug":"plieuse-de-plaques-de-pression","status":"publish","type":"product","link":"https:\/\/www.3p-gmbh.de\/fr\/produkt\/plieuse-de-plaques-de-pression\/","title":{"rendered":"Hachette PB S 40 Pliage de la plaque d&rsquo;impression"},"content":{"rendered":"<ul>\n<li>Mod\u00e8le sur pied<\/li>\n<li>Largeur de la plaque d&rsquo;impression jusqu&rsquo;\u00e0 1055 mm<\/li>\n<li>Mod\u00e8le de table inclin\u00e9e<\/li>\n<li>d\u00e9clenchement manuel par levier<\/li>\n<li>Hauteur de travail ergonomique<\/li>\n<li>G\u00e9om\u00e9trie de flexion pour les machines d&rsquo;impression Komori Lithrone<\/li>\n<li>retrait de la plaque d&rsquo;impression par une fente de retrait<\/li>\n<li>Fixation de la plaque d&rsquo;impression par des barres de serrage recouvertes de caoutchouc<\/li>\n<li>Construction robuste de qualit\u00e9 pour une long\u00e9vit\u00e9 particuli\u00e8re<\/li>\n<li>Les pi\u00e8ces du produit sont fabriqu\u00e9es \u00e0 partir de mat\u00e9riaux de haute qualit\u00e9<\/li>\n<\/ul>\n","protected":false},"excerpt":{"rendered":"<p>Mod\u00e8le sur pied Largeur de la plaque d&rsquo;impression jusqu&rsquo;\u00e0 1055 mm Mod\u00e8le de table inclin\u00e9e d\u00e9clenchement manuel par levier Hauteur de travail ergonomique G\u00e9om\u00e9trie de flexion pour les machines d&rsquo;impression Komori Lithrone retrait de la plaque d&rsquo;impression par une fente de retrait Fixation de la plaque d&rsquo;impression par des barres de serrage recouvertes de caoutchouc [&hellip;]<\/p>\n","protected":false},"featured_media":54899,"template":"","meta":[],"product_brand":[],"product_cat":[2902],"product_tag":[],"class_list":{"0":"post-93143","1":"product","2":"type-product","3":"status-publish","4":"has-post-thumbnail","6":"product_cat-accessoires-et-pieces-de-rechange-pour-machines-dimpression","7":"pa_baujahr-205","8":"pa_hersteller-beil-komori-lithrone","9":"pa_typ-pb-s40-hbm","11":"first","12":"instock","13":"sold-individually","14":"taxable","15":"shipping-taxable","16":"purchasable","17":"product-type-simple"},"jetpack_sharing_enabled":true,"_links":{"self":[{"href":"https:\/\/www.3p-gmbh.de\/fr\/wp-json\/wp\/v2\/product\/93143","targetHints":{"allow":["GET"]}}],"collection":[{"href":"https:\/\/www.3p-gmbh.de\/fr\/wp-json\/wp\/v2\/product"}],"about":[{"href":"https:\/\/www.3p-gmbh.de\/fr\/wp-json\/wp\/v2\/types\/product"}],"wp:featuredmedia":[{"embeddable":true,"href":"https:\/\/www.3p-gmbh.de\/fr\/wp-json\/wp\/v2\/media\/54899"}],"wp:attachment":[{"href":"https:\/\/www.3p-gmbh.de\/fr\/wp-json\/wp\/v2\/media?parent=93143"}],"wp:term":[{"taxonomy":"product_brand","embeddable":true,"href":"https:\/\/www.3p-gmbh.de\/fr\/wp-json\/wp\/v2\/product_brand?post=93143"},{"taxonomy":"product_cat","embeddable":true,"href":"https:\/\/www.3p-gmbh.de\/fr\/wp-json\/wp\/v2\/product_cat?post=93143"},{"taxonomy":"product_tag","embeddable":true,"href":"https:\/\/www.3p-gmbh.de\/fr\/wp-json\/wp\/v2\/product_tag?post=93143"}],"curies":[{"name":"wp","href":"https:\/\/api.w.org\/{rel}","templated":true}]}}