{"id":93137,"date":"2019-07-11T13:53:31","date_gmt":"2019-07-11T13:53:31","guid":{"rendered":"https:\/\/www.3p-gmbh.de\/produkt\/man-roland-presse-a-imprimer\/"},"modified":"2019-07-11T13:53:31","modified_gmt":"2019-07-11T13:53:31","slug":"decoupe-de-plaques-6","status":"publish","type":"product","link":"https:\/\/www.3p-gmbh.de\/fr\/produkt\/decoupe-de-plaques-6\/","title":{"rendered":"MAN Roland presse \u00e0 imprimer"},"content":{"rendered":"<p>Perforatrice de plaques 425 mm avec centrage et contr\u00f4le de but\u00e9e pour Roland Praktika, PR 00, PRZ , R 100 et registre de films Grapho Metronic<\/p>\n","protected":false},"excerpt":{"rendered":"<p>Perforatrice de plaques 425 mm avec centrage et contr\u00f4le de but\u00e9e pour Roland Praktika, PR 00, PRZ , R 100 et registre de films Grapho Metronic<\/p>\n","protected":false},"featured_media":54898,"template":"","meta":[],"product_brand":[],"product_cat":[2902],"product_tag":[],"class_list":{"0":"post-93137","1":"product","2":"type-product","3":"status-publish","4":"has-post-thumbnail","6":"product_cat-accessoires-et-pieces-de-rechange-pour-machines-dimpression","7":"pa_baujahr-155","8":"pa_hersteller-edelmann-grapho-metronic-man-roland","9":"pa_typ-junior","11":"first","12":"instock","13":"sold-individually","14":"taxable","15":"shipping-taxable","16":"purchasable","17":"product-type-simple"},"jetpack_sharing_enabled":true,"_links":{"self":[{"href":"https:\/\/www.3p-gmbh.de\/fr\/wp-json\/wp\/v2\/product\/93137","targetHints":{"allow":["GET"]}}],"collection":[{"href":"https:\/\/www.3p-gmbh.de\/fr\/wp-json\/wp\/v2\/product"}],"about":[{"href":"https:\/\/www.3p-gmbh.de\/fr\/wp-json\/wp\/v2\/types\/product"}],"wp:featuredmedia":[{"embeddable":true,"href":"https:\/\/www.3p-gmbh.de\/fr\/wp-json\/wp\/v2\/media\/54898"}],"wp:attachment":[{"href":"https:\/\/www.3p-gmbh.de\/fr\/wp-json\/wp\/v2\/media?parent=93137"}],"wp:term":[{"taxonomy":"product_brand","embeddable":true,"href":"https:\/\/www.3p-gmbh.de\/fr\/wp-json\/wp\/v2\/product_brand?post=93137"},{"taxonomy":"product_cat","embeddable":true,"href":"https:\/\/www.3p-gmbh.de\/fr\/wp-json\/wp\/v2\/product_cat?post=93137"},{"taxonomy":"product_tag","embeddable":true,"href":"https:\/\/www.3p-gmbh.de\/fr\/wp-json\/wp\/v2\/product_tag?post=93137"}],"curies":[{"name":"wp","href":"https:\/\/api.w.org\/{rel}","templated":true}]}}