{"id":93127,"date":"2019-07-11T13:53:31","date_gmt":"2019-07-11T13:53:31","guid":{"rendered":"https:\/\/www.3p-gmbh.de\/produkt\/brillancemetre-byk-gardner\/"},"modified":"2019-07-11T13:53:31","modified_gmt":"2019-07-11T13:53:31","slug":"appareil-de-mesure-de-la-brillance","status":"publish","type":"product","link":"https:\/\/www.3p-gmbh.de\/fr\/produkt\/appareil-de-mesure-de-la-brillance\/","title":{"rendered":"Brillancem\u00e8tre BYK-Gardner"},"content":{"rendered":"<p>Faire briller la peinture ou le m\u00e9tal &#8211; pas de probl\u00e8me ! Le micro-gloss mesure sur n&rsquo;importe quel mat\u00e9riau, qu&rsquo;il s&rsquo;agisse de peinture, de plastique ou de m\u00e9tal hautement r\u00e9fl\u00e9chissant. Son extension automatique de la plage jusqu&rsquo;\u00e0 2000 unit\u00e9s de brillance fournit toujours des valeurs de brillance fiables et conformes aux normes, les r\u00e9sultats sont toujours exacts. La source lumineuse \u00e0 LED du brillancem\u00e8tre, stable \u00e0 long terme, assure non seulement une excellente r\u00e9p\u00e9tabilit\u00e9 pendant de nombreuses ann\u00e9es, mais elle ne grillera jamais.<\/p>\n","protected":false},"excerpt":{"rendered":"<p>Faire briller la peinture ou le m\u00e9tal &#8211; pas de probl\u00e8me ! Le micro-gloss mesure sur n&rsquo;importe quel mat\u00e9riau, qu&rsquo;il s&rsquo;agisse de peinture, de plastique ou de m\u00e9tal hautement r\u00e9fl\u00e9chissant. Son extension automatique de la plage jusqu&rsquo;\u00e0 2000 unit\u00e9s de brillance fournit toujours des valeurs de brillance fiables et conformes aux normes, les r\u00e9sultats sont [&hellip;]<\/p>\n","protected":false},"featured_media":54908,"template":"","meta":[],"product_brand":[],"product_cat":[2930],"product_tag":[],"class_list":{"0":"post-93127","1":"product","2":"type-product","3":"status-publish","4":"has-post-thumbnail","6":"product_cat-instruments-de-mesure-et-assurance-qualite","7":"pa_baujahr-305","8":"pa_hersteller-byk-gardner","9":"pa_typ-micro-gloss-60","11":"first","12":"instock","13":"sold-individually","14":"taxable","15":"shipping-taxable","16":"purchasable","17":"product-type-simple"},"jetpack_sharing_enabled":true,"_links":{"self":[{"href":"https:\/\/www.3p-gmbh.de\/fr\/wp-json\/wp\/v2\/product\/93127","targetHints":{"allow":["GET"]}}],"collection":[{"href":"https:\/\/www.3p-gmbh.de\/fr\/wp-json\/wp\/v2\/product"}],"about":[{"href":"https:\/\/www.3p-gmbh.de\/fr\/wp-json\/wp\/v2\/types\/product"}],"wp:featuredmedia":[{"embeddable":true,"href":"https:\/\/www.3p-gmbh.de\/fr\/wp-json\/wp\/v2\/media\/54908"}],"wp:attachment":[{"href":"https:\/\/www.3p-gmbh.de\/fr\/wp-json\/wp\/v2\/media?parent=93127"}],"wp:term":[{"taxonomy":"product_brand","embeddable":true,"href":"https:\/\/www.3p-gmbh.de\/fr\/wp-json\/wp\/v2\/product_brand?post=93127"},{"taxonomy":"product_cat","embeddable":true,"href":"https:\/\/www.3p-gmbh.de\/fr\/wp-json\/wp\/v2\/product_cat?post=93127"},{"taxonomy":"product_tag","embeddable":true,"href":"https:\/\/www.3p-gmbh.de\/fr\/wp-json\/wp\/v2\/product_tag?post=93127"}],"curies":[{"name":"wp","href":"https:\/\/api.w.org\/{rel}","templated":true}]}}