{"id":93118,"date":"2019-07-11T13:53:31","date_gmt":"2019-07-11T13:53:31","guid":{"rendered":"https:\/\/www.3p-gmbh.de\/produkt\/interface-prepresse-heidelberg-prinect\/"},"modified":"2019-07-11T13:53:31","modified_gmt":"2019-07-11T13:53:31","slug":"prinect-prepress-interface","status":"publish","type":"product","link":"https:\/\/www.3p-gmbh.de\/fr\/produkt\/prinect-prepress-interface\/","title":{"rendered":"Interface pr\u00e9presse Heidelberg Prinect"},"content":{"rendered":"<ul>\n<li>Heidelberg Prinect Prepress Interface 3.2 pour SM 102<\/li>\n<li>Pr\u00e9r\u00e9glage des zones d&rsquo;encrage (Cip 3) Sortie pour les machines \u00e0 imprimer Heidelberger<\/li>\n<li>Version compl\u00e8te avec lecteur de carte flash Omnidrive pour le transfert de donn\u00e9es hors ligne<\/li>\n<\/ul>\n<p>Gr\u00e2ce \u00e0 la reprise directe des param\u00e8tres importants pour l&rsquo;impression depuis le pr\u00e9presse, l&rsquo;ensemble du processus de r\u00e9glage sur la machine d&rsquo;impression est plus rapide et plus s\u00fbr, avec nettement moins de g\u00e2che papier. En outre, Prinect Prepress Interface prend en charge le flux de travail couleur et le fa\u00e7onnage de l&rsquo;impression en transmettant des rep\u00e8res de position pour la mesure des couleurs, la d\u00e9coupe, le pliage et l&rsquo;encartage-piquage. Cela simplifie consid\u00e9rablement les proc\u00e9dures de r\u00e9glage pour l&rsquo;op\u00e9rateur.<\/p>\n","protected":false},"excerpt":{"rendered":"<p>Heidelberg Prinect Prepress Interface 3.2 pour SM 102 Pr\u00e9r\u00e9glage des zones d&rsquo;encrage (Cip 3) Sortie pour les machines \u00e0 imprimer Heidelberger Version compl\u00e8te avec lecteur de carte flash Omnidrive pour le transfert de donn\u00e9es hors ligne Gr\u00e2ce \u00e0 la reprise directe des param\u00e8tres importants pour l&rsquo;impression depuis le pr\u00e9presse, l&rsquo;ensemble du processus de r\u00e9glage sur [&hellip;]<\/p>\n","protected":false},"featured_media":54916,"template":"","meta":[],"product_brand":[],"product_cat":[3013],"product_tag":[],"class_list":{"0":"post-93118","1":"product","2":"type-product","3":"status-publish","4":"has-post-thumbnail","6":"product_cat-logiciel-de-prepresse","7":"pa_baujahr-153","8":"pa_hersteller-heidelberger-druckmaschinen","9":"pa_typ-prepress-interface-3-2","11":"first","12":"instock","13":"sold-individually","14":"taxable","15":"shipping-taxable","16":"purchasable","17":"product-type-simple"},"jetpack_sharing_enabled":true,"_links":{"self":[{"href":"https:\/\/www.3p-gmbh.de\/fr\/wp-json\/wp\/v2\/product\/93118","targetHints":{"allow":["GET"]}}],"collection":[{"href":"https:\/\/www.3p-gmbh.de\/fr\/wp-json\/wp\/v2\/product"}],"about":[{"href":"https:\/\/www.3p-gmbh.de\/fr\/wp-json\/wp\/v2\/types\/product"}],"wp:featuredmedia":[{"embeddable":true,"href":"https:\/\/www.3p-gmbh.de\/fr\/wp-json\/wp\/v2\/media\/54916"}],"wp:attachment":[{"href":"https:\/\/www.3p-gmbh.de\/fr\/wp-json\/wp\/v2\/media?parent=93118"}],"wp:term":[{"taxonomy":"product_brand","embeddable":true,"href":"https:\/\/www.3p-gmbh.de\/fr\/wp-json\/wp\/v2\/product_brand?post=93118"},{"taxonomy":"product_cat","embeddable":true,"href":"https:\/\/www.3p-gmbh.de\/fr\/wp-json\/wp\/v2\/product_cat?post=93118"},{"taxonomy":"product_tag","embeddable":true,"href":"https:\/\/www.3p-gmbh.de\/fr\/wp-json\/wp\/v2\/product_tag?post=93118"}],"curies":[{"name":"wp","href":"https:\/\/api.w.org\/{rel}","templated":true}]}}