{"id":93104,"date":"2019-07-11T13:53:31","date_gmt":"2019-07-11T13:53:31","guid":{"rendered":"https:\/\/www.3p-gmbh.de\/produkt\/spectrophotometre-gretag-macbeth-spectroeye\/"},"modified":"2019-07-11T13:53:31","modified_gmt":"2019-07-11T13:53:31","slug":"spectrophotometre","status":"publish","type":"product","link":"https:\/\/www.3p-gmbh.de\/fr\/produkt\/spectrophotometre\/","title":{"rendered":"Spectrophotom\u00e8tre Gretag-Macbeth SpectroEye"},"content":{"rendered":"<ul>\n<li>spectrophotom\u00e8tre et densitom\u00e8tre portables pour la mesure de la r\u00e9flexion<\/li>\n<li>utilisation tr\u00e8s simple gr\u00e2ce au bouton \u00e0 bille et au guidage graphique de l&rsquo;utilisateur<\/li>\n<li>repr\u00e9sentation claire des valeurs mesur\u00e9es<\/li>\n<li>mesure ind\u00e9pendante de la direction gr\u00e2ce \u00e0 l&rsquo;optique annulaire<\/li>\n<\/ul>\n<p>Fonctions :<\/p>\n<ul>\n<li>\n<\/li>\n<\/ul>\n","protected":false},"excerpt":{"rendered":"<p>spectrophotom\u00e8tre et densitom\u00e8tre portables pour la mesure de la r\u00e9flexion utilisation tr\u00e8s simple gr\u00e2ce au bouton \u00e0 bille et au guidage graphique de l&rsquo;utilisateur repr\u00e9sentation claire des valeurs mesur\u00e9es mesure ind\u00e9pendante de la direction gr\u00e2ce \u00e0 l&rsquo;optique annulaire Fonctions :<\/p>\n","protected":false},"featured_media":124791,"template":"","meta":[],"product_brand":[],"product_cat":[2930],"product_tag":[],"class_list":{"0":"post-93104","1":"product","2":"type-product","3":"status-publish","4":"has-post-thumbnail","6":"product_cat-instruments-de-mesure-et-assurance-qualite","7":"pa_hersteller-x-rite-gretag-macbeth","8":"pa_typ-spectroeye","10":"first","11":"instock","12":"sold-individually","13":"taxable","14":"shipping-taxable","15":"purchasable","16":"product-type-simple"},"jetpack_sharing_enabled":true,"_links":{"self":[{"href":"https:\/\/www.3p-gmbh.de\/fr\/wp-json\/wp\/v2\/product\/93104","targetHints":{"allow":["GET"]}}],"collection":[{"href":"https:\/\/www.3p-gmbh.de\/fr\/wp-json\/wp\/v2\/product"}],"about":[{"href":"https:\/\/www.3p-gmbh.de\/fr\/wp-json\/wp\/v2\/types\/product"}],"wp:featuredmedia":[{"embeddable":true,"href":"https:\/\/www.3p-gmbh.de\/fr\/wp-json\/wp\/v2\/media\/124791"}],"wp:attachment":[{"href":"https:\/\/www.3p-gmbh.de\/fr\/wp-json\/wp\/v2\/media?parent=93104"}],"wp:term":[{"taxonomy":"product_brand","embeddable":true,"href":"https:\/\/www.3p-gmbh.de\/fr\/wp-json\/wp\/v2\/product_brand?post=93104"},{"taxonomy":"product_cat","embeddable":true,"href":"https:\/\/www.3p-gmbh.de\/fr\/wp-json\/wp\/v2\/product_cat?post=93104"},{"taxonomy":"product_tag","embeddable":true,"href":"https:\/\/www.3p-gmbh.de\/fr\/wp-json\/wp\/v2\/product_tag?post=93104"}],"curies":[{"name":"wp","href":"https:\/\/api.w.org\/{rel}","templated":true}]}}