{"id":93096,"date":"2019-07-11T13:53:45","date_gmt":"2019-07-11T13:53:45","guid":{"rendered":"https:\/\/www.3p-gmbh.de\/produkt\/systeme-ctp-thermique-kodak-magnus-400-ii\/"},"modified":"2019-07-11T13:53:45","modified_gmt":"2019-07-11T13:53:45","slug":"systeme-thermal-ctp","status":"publish","type":"product","link":"https:\/\/www.3p-gmbh.de\/fr\/produkt\/systeme-thermal-ctp\/","title":{"rendered":"Syst\u00e8me CtP thermique Kodak Magnus 400 II"},"content":{"rendered":"<ul>\n<li>avec triple MCU<\/li>\n<li>Prinergy Evo sur station de travail Dell 830<\/li>\n<li>Logiciel de montage d&rsquo;arcs Preps<\/li>\n<li>poin\u00e7onneuse automatique interne 425mm<\/li>\n<li>Pont<\/li>\n<li>Unit\u00e9 de lavage Azura (Glunz &amp; Jensen)<\/li>\n<li>Chariot \u00e9l\u00e9vateur \u00e0 plaques<\/li>\n<\/ul>\n","protected":false},"excerpt":{"rendered":"<p>avec triple MCU Prinergy Evo sur station de travail Dell 830 Logiciel de montage d&rsquo;arcs Preps poin\u00e7onneuse automatique interne 425mm Pont Unit\u00e9 de lavage Azura (Glunz &amp; Jensen) Chariot \u00e9l\u00e9vateur \u00e0 plaques<\/p>\n","protected":false},"featured_media":54936,"template":"","meta":[],"product_brand":[],"product_cat":[2864],"product_tag":[],"class_list":{"0":"post-93096","1":"product","2":"type-product","3":"status-publish","4":"has-post-thumbnail","6":"product_cat-systemes-computer-to-plate","7":"pa_baujahr-326","8":"pa_hersteller-kodak","9":"pa_typ-magnus-400-ii-mcu","11":"first","12":"instock","13":"sold-individually","14":"taxable","15":"shipping-taxable","16":"purchasable","17":"product-type-simple"},"jetpack_sharing_enabled":true,"_links":{"self":[{"href":"https:\/\/www.3p-gmbh.de\/fr\/wp-json\/wp\/v2\/product\/93096","targetHints":{"allow":["GET"]}}],"collection":[{"href":"https:\/\/www.3p-gmbh.de\/fr\/wp-json\/wp\/v2\/product"}],"about":[{"href":"https:\/\/www.3p-gmbh.de\/fr\/wp-json\/wp\/v2\/types\/product"}],"wp:featuredmedia":[{"embeddable":true,"href":"https:\/\/www.3p-gmbh.de\/fr\/wp-json\/wp\/v2\/media\/54936"}],"wp:attachment":[{"href":"https:\/\/www.3p-gmbh.de\/fr\/wp-json\/wp\/v2\/media?parent=93096"}],"wp:term":[{"taxonomy":"product_brand","embeddable":true,"href":"https:\/\/www.3p-gmbh.de\/fr\/wp-json\/wp\/v2\/product_brand?post=93096"},{"taxonomy":"product_cat","embeddable":true,"href":"https:\/\/www.3p-gmbh.de\/fr\/wp-json\/wp\/v2\/product_cat?post=93096"},{"taxonomy":"product_tag","embeddable":true,"href":"https:\/\/www.3p-gmbh.de\/fr\/wp-json\/wp\/v2\/product_tag?post=93096"}],"curies":[{"name":"wp","href":"https:\/\/api.w.org\/{rel}","templated":true}]}}