{"id":93091,"date":"2019-07-11T13:53:45","date_gmt":"2019-07-11T13:53:45","guid":{"rendered":"https:\/\/www.3p-gmbh.de\/produkt\/fuji-screen-pt-r-4300-e-systeme-ctp-thermique-automatique\/"},"modified":"2019-07-11T13:53:45","modified_gmt":"2019-07-11T13:53:45","slug":"automatique-thermal-ctp","status":"publish","type":"product","link":"https:\/\/www.3p-gmbh.de\/fr\/produkt\/automatique-thermal-ctp\/","title":{"rendered":"Fuji \/ Screen PT-R 4300 E syst\u00e8me CtP thermique automatique"},"content":{"rendered":"<ul>\n<li>syst\u00e8me CtP thermique automatique Fuji avec Highwater Rip version 8<\/li>\n<li>OEM Screen PT-R 4300-E ou Agfa Acento II E<\/li>\n<li>Mise en service en 2007<\/li>\n<li>seulement 9835 Plate Winding Cycles, temps d&rsquo;exposition 1231 h<\/li>\n<li>SAL Single Cassette de chargement de plaques pour 50 plaques sans papier interm\u00e9diaire<\/li>\n<li>16 diodes laser thermiques 830nm<\/li>\n<li>r\u00e9solution de 2400 dpi<\/li>\n<li>capacit\u00e9 d&rsquo;environ 11 plaques\/h<\/li>\n<li>poin\u00e7onnage int\u00e9gr\u00e9 HB 425mm (autres poin\u00e7onnages sur demande)<\/li>\n<li>min. format 324 x 370mm<\/li>\n<li>max. format 830 x 660mm<\/li>\n<li>\u00e9paisseur du panneau 0,15-0,30mm<\/li>\n<li>Empileur de plaques<\/li>\n<\/ul>\n","protected":false},"excerpt":{"rendered":"<p>syst\u00e8me CtP thermique automatique Fuji avec Highwater Rip version 8 OEM Screen PT-R 4300-E ou Agfa Acento II E Mise en service en 2007 seulement 9835 Plate Winding Cycles, temps d&rsquo;exposition 1231 h SAL Single Cassette de chargement de plaques pour 50 plaques sans papier interm\u00e9diaire 16 diodes laser thermiques 830nm r\u00e9solution de 2400 dpi [&hellip;]<\/p>\n","protected":false},"featured_media":54953,"template":"","meta":[],"product_brand":[],"product_cat":[2864],"product_tag":[],"class_list":{"0":"post-93091","1":"product","2":"type-product","3":"status-publish","4":"has-post-thumbnail","6":"product_cat-systemes-computer-to-plate","7":"pa_baujahr-140","8":"pa_hersteller-fuji-screen-pt-r-4300-e","9":"pa_typ-t-6300-sal","11":"first","12":"instock","13":"sold-individually","14":"taxable","15":"shipping-taxable","16":"purchasable","17":"product-type-simple"},"jetpack_sharing_enabled":true,"_links":{"self":[{"href":"https:\/\/www.3p-gmbh.de\/fr\/wp-json\/wp\/v2\/product\/93091","targetHints":{"allow":["GET"]}}],"collection":[{"href":"https:\/\/www.3p-gmbh.de\/fr\/wp-json\/wp\/v2\/product"}],"about":[{"href":"https:\/\/www.3p-gmbh.de\/fr\/wp-json\/wp\/v2\/types\/product"}],"wp:featuredmedia":[{"embeddable":true,"href":"https:\/\/www.3p-gmbh.de\/fr\/wp-json\/wp\/v2\/media\/54953"}],"wp:attachment":[{"href":"https:\/\/www.3p-gmbh.de\/fr\/wp-json\/wp\/v2\/media?parent=93091"}],"wp:term":[{"taxonomy":"product_brand","embeddable":true,"href":"https:\/\/www.3p-gmbh.de\/fr\/wp-json\/wp\/v2\/product_brand?post=93091"},{"taxonomy":"product_cat","embeddable":true,"href":"https:\/\/www.3p-gmbh.de\/fr\/wp-json\/wp\/v2\/product_cat?post=93091"},{"taxonomy":"product_tag","embeddable":true,"href":"https:\/\/www.3p-gmbh.de\/fr\/wp-json\/wp\/v2\/product_tag?post=93091"}],"curies":[{"name":"wp","href":"https:\/\/api.w.org\/{rel}","templated":true}]}}