{"id":93059,"date":"2019-07-11T13:53:45","date_gmt":"2019-07-11T13:53:45","guid":{"rendered":"https:\/\/www.3p-gmbh.de\/produkt\/sac-modele-13-cadre-a-copier\/"},"modified":"2019-07-11T13:53:45","modified_gmt":"2019-07-11T13:53:45","slug":"photocopieuse-pour-la-fabrication-de-formes-dimpression","status":"publish","type":"product","link":"https:\/\/www.3p-gmbh.de\/fr\/produkt\/photocopieuse-pour-la-fabrication-de-formes-dimpression\/","title":{"rendered":"Sac mod\u00e8le 13 Cadre \u00e0 copier"},"content":{"rendered":"<ul>\n<li>format utile 950&#215;1150 mm<\/li>\n<li>Lampe \u00e0 d\u00e9marrage instantan\u00e9 de 5000 watts<\/li>\n<li>Film \u00e0 saupoudrer<\/li>\n<li>LCX 3.1 Contr\u00f4le du programme<\/li>\n<li>7 tiroirs guid\u00e9s par des roulements \u00e0 billes<\/li>\n<li>Rideau<\/li>\n<\/ul>\n","protected":false},"excerpt":{"rendered":"<p>format utile 950&#215;1150 mm Lampe \u00e0 d\u00e9marrage instantan\u00e9 de 5000 watts Film \u00e0 saupoudrer LCX 3.1 Contr\u00f4le du programme 7 tiroirs guid\u00e9s par des roulements \u00e0 billes Rideau<\/p>\n","protected":false},"featured_media":54960,"template":"","meta":[],"product_brand":[],"product_cat":[2995],"product_tag":[],"class_list":{"0":"post-93059","1":"product","2":"type-product","3":"status-publish","4":"has-post-thumbnail","6":"product_cat-traitement-des-plaques-dimpression-fr","7":"pa_baujahr-165","8":"pa_hersteller-sack","9":"pa_typ-modell-131155-s","11":"first","12":"instock","13":"sold-individually","14":"taxable","15":"shipping-taxable","16":"purchasable","17":"product-type-simple"},"jetpack_sharing_enabled":true,"_links":{"self":[{"href":"https:\/\/www.3p-gmbh.de\/fr\/wp-json\/wp\/v2\/product\/93059","targetHints":{"allow":["GET"]}}],"collection":[{"href":"https:\/\/www.3p-gmbh.de\/fr\/wp-json\/wp\/v2\/product"}],"about":[{"href":"https:\/\/www.3p-gmbh.de\/fr\/wp-json\/wp\/v2\/types\/product"}],"wp:featuredmedia":[{"embeddable":true,"href":"https:\/\/www.3p-gmbh.de\/fr\/wp-json\/wp\/v2\/media\/54960"}],"wp:attachment":[{"href":"https:\/\/www.3p-gmbh.de\/fr\/wp-json\/wp\/v2\/media?parent=93059"}],"wp:term":[{"taxonomy":"product_brand","embeddable":true,"href":"https:\/\/www.3p-gmbh.de\/fr\/wp-json\/wp\/v2\/product_brand?post=93059"},{"taxonomy":"product_cat","embeddable":true,"href":"https:\/\/www.3p-gmbh.de\/fr\/wp-json\/wp\/v2\/product_cat?post=93059"},{"taxonomy":"product_tag","embeddable":true,"href":"https:\/\/www.3p-gmbh.de\/fr\/wp-json\/wp\/v2\/product_tag?post=93059"}],"curies":[{"name":"wp","href":"https:\/\/api.w.org\/{rel}","templated":true}]}}