{"id":93055,"date":"2019-07-11T13:53:56","date_gmt":"2019-07-11T13:53:56","guid":{"rendered":"https:\/\/www.3p-gmbh.de\/produkt\/scantext-largo-de-scangraphic-imageur-a-film\/"},"modified":"2019-07-11T13:53:56","modified_gmt":"2019-07-11T13:53:56","slug":"scantext-largo","status":"publish","type":"product","link":"https:\/\/www.3p-gmbh.de\/fr\/produkt\/scantext-largo\/","title":{"rendered":"Scantext Largo de Scangraphic, imageur \u00e0 film"},"content":{"rendered":"<ul>\n<li>Introductrice \u00e0 tambour interne avec largeur de film de 1 040 mm<\/li>\n<li>format de sortie 685 x 1.020 millim\u00e8tres<\/li>\n<li>D\u00e9coupe en rep\u00e9rage 3 points sur le c\u00f4t\u00e9 long<\/li>\n<li>Niveaux de r\u00e9solution de 1 270, 1 905, 2 540 et 3 175 ppp<\/li>\n<li>D\u00e9veloppeur en ligne Glunz &amp; Jensen ML 125<\/li>\n<\/ul>\n","protected":false},"excerpt":{"rendered":"<p>Introductrice \u00e0 tambour interne avec largeur de film de 1 040 mm format de sortie 685 x 1.020 millim\u00e8tres D\u00e9coupe en rep\u00e9rage 3 points sur le c\u00f4t\u00e9 long Niveaux de r\u00e9solution de 1 270, 1 905, 2 540 et 3 175 ppp D\u00e9veloppeur en ligne Glunz &amp; Jensen ML 125<\/p>\n","protected":false},"featured_media":54963,"template":"","meta":[],"product_brand":[],"product_cat":[2936],"product_tag":[],"class_list":{"0":"post-93055","1":"product","2":"type-product","3":"status-publish","4":"has-post-thumbnail","6":"product_cat-systemes-dexposition-et-de-developpement-de-films","7":"pa_hersteller-scangrafic","8":"pa_typ-largo","10":"first","11":"instock","12":"sold-individually","13":"taxable","14":"shipping-taxable","15":"purchasable","16":"product-type-simple"},"jetpack_sharing_enabled":true,"_links":{"self":[{"href":"https:\/\/www.3p-gmbh.de\/fr\/wp-json\/wp\/v2\/product\/93055","targetHints":{"allow":["GET"]}}],"collection":[{"href":"https:\/\/www.3p-gmbh.de\/fr\/wp-json\/wp\/v2\/product"}],"about":[{"href":"https:\/\/www.3p-gmbh.de\/fr\/wp-json\/wp\/v2\/types\/product"}],"wp:featuredmedia":[{"embeddable":true,"href":"https:\/\/www.3p-gmbh.de\/fr\/wp-json\/wp\/v2\/media\/54963"}],"wp:attachment":[{"href":"https:\/\/www.3p-gmbh.de\/fr\/wp-json\/wp\/v2\/media?parent=93055"}],"wp:term":[{"taxonomy":"product_brand","embeddable":true,"href":"https:\/\/www.3p-gmbh.de\/fr\/wp-json\/wp\/v2\/product_brand?post=93055"},{"taxonomy":"product_cat","embeddable":true,"href":"https:\/\/www.3p-gmbh.de\/fr\/wp-json\/wp\/v2\/product_cat?post=93055"},{"taxonomy":"product_tag","embeddable":true,"href":"https:\/\/www.3p-gmbh.de\/fr\/wp-json\/wp\/v2\/product_tag?post=93055"}],"curies":[{"name":"wp","href":"https:\/\/api.w.org\/{rel}","templated":true}]}}