{"id":93049,"date":"2019-07-11T13:53:56","date_gmt":"2019-07-11T13:53:56","guid":{"rendered":"https:\/\/www.3p-gmbh.de\/produkt\/agfa-avantra-44-e-flasheuse-de-film-avec-apogee-2-pdf-rip-et-printdrive\/"},"modified":"2019-07-11T13:53:56","modified_gmt":"2019-07-11T13:53:56","slug":"filmbelichter-2","status":"publish","type":"product","link":"https:\/\/www.3p-gmbh.de\/fr\/produkt\/filmbelichter-2\/","title":{"rendered":"Agfa Avantra 44 E flasheuse de film avec Apogee 2 PDF Rip et PrintDrive"},"content":{"rendered":"<ul>\n<li>Insolateur \u00e0 tambour interne avec diode laser rouge 650nm<\/li>\n<li>deux cassettes de mat\u00e9riel<\/li>\n<li>max. Format d&rsquo;exposition 906 x 1130 mm<\/li>\n<li>R\u00e9solution 1200, 1800, 2400 dpi<\/li>\n<li>avec buffer et machine de d\u00e9veloppement en ligne<\/li>\n<li>Agfa Apogee PDF-Rip<\/li>\n<li>Agfa Agfaline 44 OLP processeur de film en ligne court<\/li>\n<li>Inposition pilote<\/li>\n<li>Printdrive<\/li>\n<li>Inkdrive (CIP 3)<\/li>\n<li>PC+moniteur<\/li>\n<\/ul>\n","protected":false},"excerpt":{"rendered":"<p>Insolateur \u00e0 tambour interne avec diode laser rouge 650nm deux cassettes de mat\u00e9riel max. Format d&rsquo;exposition 906 x 1130 mm R\u00e9solution 1200, 1800, 2400 dpi avec buffer et machine de d\u00e9veloppement en ligne Agfa Apogee PDF-Rip Agfa Agfaline 44 OLP processeur de film en ligne court Inposition pilote Printdrive Inkdrive (CIP 3) PC+moniteur<\/p>\n","protected":false},"featured_media":58455,"template":"","meta":[],"product_brand":[],"product_cat":[2936],"product_tag":[],"class_list":{"0":"post-93049","1":"product","2":"type-product","3":"status-publish","4":"has-post-thumbnail","6":"product_cat-systemes-dexposition-et-de-developpement-de-films","7":"pa_baujahr-11-1999","8":"pa_hersteller-agfa","9":"pa_typ-avantra-44-e","11":"first","12":"instock","13":"sold-individually","14":"taxable","15":"shipping-taxable","16":"purchasable","17":"product-type-simple"},"jetpack_sharing_enabled":true,"_links":{"self":[{"href":"https:\/\/www.3p-gmbh.de\/fr\/wp-json\/wp\/v2\/product\/93049","targetHints":{"allow":["GET"]}}],"collection":[{"href":"https:\/\/www.3p-gmbh.de\/fr\/wp-json\/wp\/v2\/product"}],"about":[{"href":"https:\/\/www.3p-gmbh.de\/fr\/wp-json\/wp\/v2\/types\/product"}],"wp:featuredmedia":[{"embeddable":true,"href":"https:\/\/www.3p-gmbh.de\/fr\/wp-json\/wp\/v2\/media\/58455"}],"wp:attachment":[{"href":"https:\/\/www.3p-gmbh.de\/fr\/wp-json\/wp\/v2\/media?parent=93049"}],"wp:term":[{"taxonomy":"product_brand","embeddable":true,"href":"https:\/\/www.3p-gmbh.de\/fr\/wp-json\/wp\/v2\/product_brand?post=93049"},{"taxonomy":"product_cat","embeddable":true,"href":"https:\/\/www.3p-gmbh.de\/fr\/wp-json\/wp\/v2\/product_cat?post=93049"},{"taxonomy":"product_tag","embeddable":true,"href":"https:\/\/www.3p-gmbh.de\/fr\/wp-json\/wp\/v2\/product_tag?post=93049"}],"curies":[{"name":"wp","href":"https:\/\/api.w.org\/{rel}","templated":true}]}}