{"id":93021,"date":"2019-07-11T13:53:56","date_gmt":"2019-07-11T13:53:56","guid":{"rendered":"https:\/\/www.3p-gmbh.de\/produkt\/agfa-accuset-1500-capstan-flasheuse-de-film\/"},"modified":"2019-07-11T13:53:56","modified_gmt":"2019-07-11T13:53:56","slug":"capstanbelichter","status":"publish","type":"product","link":"https:\/\/www.3p-gmbh.de\/fr\/produkt\/capstanbelichter\/","title":{"rendered":"Agfa Accuset 1500 Capstan &#8211; flasheuse de film"},"content":{"rendered":"<ul>\n<li>Capstan film flasheuse pour les applications PostScript<\/li>\n<li>convient pour les imprimeries de labeur, les tamponneurs, les s\u00e9rigraphes, les studios d&rsquo;exposition, les journaux et les imprimeries domestiques<\/li>\n<li>355 mm Largeur d&rsquo;exposition<\/li>\n<li>longueur d&rsquo;exposition d\u00e9finissable par l&rsquo;utilisateur<\/li>\n<li>Diode laser rouge \u00e0 670 nm<\/li>\n<li>max. R\u00e9solution 1200,1800,2400, 3000 dpi<\/li>\n<\/ul>\n","protected":false},"excerpt":{"rendered":"<p>Capstan film flasheuse pour les applications PostScript convient pour les imprimeries de labeur, les tamponneurs, les s\u00e9rigraphes, les studios d&rsquo;exposition, les journaux et les imprimeries domestiques 355 mm Largeur d&rsquo;exposition longueur d&rsquo;exposition d\u00e9finissable par l&rsquo;utilisateur Diode laser rouge \u00e0 670 nm max. R\u00e9solution 1200,1800,2400, 3000 dpi<\/p>\n","protected":false},"featured_media":57346,"template":"","meta":[],"product_brand":[],"product_cat":[2936],"product_tag":[],"class_list":{"0":"post-93021","1":"product","2":"type-product","3":"status-publish","4":"has-post-thumbnail","6":"product_cat-systemes-dexposition-et-de-developpement-de-films","7":"pa_baujahr-209","8":"pa_hersteller-agfa","9":"pa_typ-accuset-1000","11":"first","12":"instock","13":"sold-individually","14":"taxable","15":"shipping-taxable","16":"purchasable","17":"product-type-simple"},"jetpack_sharing_enabled":true,"_links":{"self":[{"href":"https:\/\/www.3p-gmbh.de\/fr\/wp-json\/wp\/v2\/product\/93021","targetHints":{"allow":["GET"]}}],"collection":[{"href":"https:\/\/www.3p-gmbh.de\/fr\/wp-json\/wp\/v2\/product"}],"about":[{"href":"https:\/\/www.3p-gmbh.de\/fr\/wp-json\/wp\/v2\/types\/product"}],"wp:featuredmedia":[{"embeddable":true,"href":"https:\/\/www.3p-gmbh.de\/fr\/wp-json\/wp\/v2\/media\/57346"}],"wp:attachment":[{"href":"https:\/\/www.3p-gmbh.de\/fr\/wp-json\/wp\/v2\/media?parent=93021"}],"wp:term":[{"taxonomy":"product_brand","embeddable":true,"href":"https:\/\/www.3p-gmbh.de\/fr\/wp-json\/wp\/v2\/product_brand?post=93021"},{"taxonomy":"product_cat","embeddable":true,"href":"https:\/\/www.3p-gmbh.de\/fr\/wp-json\/wp\/v2\/product_cat?post=93021"},{"taxonomy":"product_tag","embeddable":true,"href":"https:\/\/www.3p-gmbh.de\/fr\/wp-json\/wp\/v2\/product_tag?post=93021"}],"curies":[{"name":"wp","href":"https:\/\/api.w.org\/{rel}","templated":true}]}}