{"id":93019,"date":"2019-07-11T13:53:56","date_gmt":"2019-07-11T13:53:56","guid":{"rendered":"https:\/\/www.3p-gmbh.de\/produkt\/linotype-heidelberg-signasetter-imageuse-de-films\/"},"modified":"2019-07-11T13:53:56","modified_gmt":"2019-07-11T13:53:56","slug":"filmbelichter-3","status":"publish","type":"product","link":"https:\/\/www.3p-gmbh.de\/fr\/produkt\/filmbelichter-3\/","title":{"rendered":"Linotype\/Heidelberg Signasetter imageuse de films"},"content":{"rendered":"<ul>\n<li>Insoleuse \u00e0 tambour interne de haute pr\u00e9cision<\/li>\n<li>avec Bacher 2000 perforation de registre sur le grand c\u00f4t\u00e9 du format<\/li>\n<li>Format d&rsquo;exposition 770 x 1070 mm<\/li>\n<li>Largeurs de mat\u00e9riau de 460 \u00e0 1080 mm en 27 \u00e9tapes<\/li>\n<li>R\u00e9solution de 1270 \u00e0 5080 dpi<\/li>\n<li>D\u00e9veloppement de film en ligne Kodamatic 1250i<\/li>\n<\/ul>\n","protected":false},"excerpt":{"rendered":"<p>Insoleuse \u00e0 tambour interne de haute pr\u00e9cision avec Bacher 2000 perforation de registre sur le grand c\u00f4t\u00e9 du format Format d&rsquo;exposition 770 x 1070 mm Largeurs de mat\u00e9riau de 460 \u00e0 1080 mm en 27 \u00e9tapes R\u00e9solution de 1270 \u00e0 5080 dpi D\u00e9veloppement de film en ligne Kodamatic 1250i<\/p>\n","protected":false},"featured_media":54970,"template":"","meta":[],"product_brand":[],"product_cat":[2936],"product_tag":[],"class_list":{"0":"post-93019","1":"product","2":"type-product","3":"status-publish","4":"has-post-thumbnail","6":"product_cat-systemes-dexposition-et-de-developpement-de-films","7":"pa_baujahr-209","8":"pa_hersteller-linotype-heidelberg","9":"pa_typ-signasetter","11":"first","12":"instock","13":"sold-individually","14":"taxable","15":"shipping-taxable","16":"purchasable","17":"product-type-simple"},"jetpack_sharing_enabled":true,"_links":{"self":[{"href":"https:\/\/www.3p-gmbh.de\/fr\/wp-json\/wp\/v2\/product\/93019","targetHints":{"allow":["GET"]}}],"collection":[{"href":"https:\/\/www.3p-gmbh.de\/fr\/wp-json\/wp\/v2\/product"}],"about":[{"href":"https:\/\/www.3p-gmbh.de\/fr\/wp-json\/wp\/v2\/types\/product"}],"wp:featuredmedia":[{"embeddable":true,"href":"https:\/\/www.3p-gmbh.de\/fr\/wp-json\/wp\/v2\/media\/54970"}],"wp:attachment":[{"href":"https:\/\/www.3p-gmbh.de\/fr\/wp-json\/wp\/v2\/media?parent=93019"}],"wp:term":[{"taxonomy":"product_brand","embeddable":true,"href":"https:\/\/www.3p-gmbh.de\/fr\/wp-json\/wp\/v2\/product_brand?post=93019"},{"taxonomy":"product_cat","embeddable":true,"href":"https:\/\/www.3p-gmbh.de\/fr\/wp-json\/wp\/v2\/product_cat?post=93019"},{"taxonomy":"product_tag","embeddable":true,"href":"https:\/\/www.3p-gmbh.de\/fr\/wp-json\/wp\/v2\/product_tag?post=93019"}],"curies":[{"name":"wp","href":"https:\/\/api.w.org\/{rel}","templated":true}]}}