{"id":93018,"date":"2019-07-11T13:53:56","date_gmt":"2019-07-11T13:53:56","guid":{"rendered":"https:\/\/www.3p-gmbh.de\/produkt\/systeme-dpx-460-polyesterctp\/"},"modified":"2019-07-11T13:53:56","modified_gmt":"2019-07-11T13:53:56","slug":"systeme-polyester-ctp","status":"publish","type":"product","link":"https:\/\/www.3p-gmbh.de\/fr\/produkt\/systeme-polyester-ctp\/","title":{"rendered":"Syst\u00e8me DPX 460 PolyesterCtP"},"content":{"rendered":"<ul>\n<li>pour la fabrication de plaques d&rsquo;impression en polyester d\u00e9coup\u00e9es pr\u00eates \u00e0 l&#8217;emploi pour GTO, Ryobi 5x<\/li>\n<li>jusqu&rsquo;\u00e0 3600 dpi<\/li>\n<li>R\u00e9sistance au tirage 20-25000 feuilles<\/li>\n<li>R\u00e9solution jusqu&rsquo;\u00e0 une trame de 70<\/li>\n<li>perforatrice de registre int\u00e9gr\u00e9e<\/li>\n<li>DPX-RIP-Mate V8.x<\/li>\n<\/ul>\n","protected":false},"excerpt":{"rendered":"<p>pour la fabrication de plaques d&rsquo;impression en polyester d\u00e9coup\u00e9es pr\u00eates \u00e0 l&#8217;emploi pour GTO, Ryobi 5x jusqu&rsquo;\u00e0 3600 dpi R\u00e9sistance au tirage 20-25000 feuilles R\u00e9solution jusqu&rsquo;\u00e0 une trame de 70 perforatrice de registre int\u00e9gr\u00e9e DPX-RIP-Mate V8.x<\/p>\n","protected":false},"featured_media":54971,"template":"","meta":[],"product_brand":[],"product_cat":[2864],"product_tag":[],"class_list":{"0":"post-93018","1":"product","2":"type-product","3":"status-publish","4":"has-post-thumbnail","6":"product_cat-systemes-computer-to-plate","7":"pa_baujahr-140","8":"pa_hersteller-mitsubishi","9":"pa_typ-dpx-460","11":"first","12":"instock","13":"sold-individually","14":"taxable","15":"shipping-taxable","16":"purchasable","17":"product-type-simple"},"jetpack_sharing_enabled":true,"_links":{"self":[{"href":"https:\/\/www.3p-gmbh.de\/fr\/wp-json\/wp\/v2\/product\/93018","targetHints":{"allow":["GET"]}}],"collection":[{"href":"https:\/\/www.3p-gmbh.de\/fr\/wp-json\/wp\/v2\/product"}],"about":[{"href":"https:\/\/www.3p-gmbh.de\/fr\/wp-json\/wp\/v2\/types\/product"}],"wp:featuredmedia":[{"embeddable":true,"href":"https:\/\/www.3p-gmbh.de\/fr\/wp-json\/wp\/v2\/media\/54971"}],"wp:attachment":[{"href":"https:\/\/www.3p-gmbh.de\/fr\/wp-json\/wp\/v2\/media?parent=93018"}],"wp:term":[{"taxonomy":"product_brand","embeddable":true,"href":"https:\/\/www.3p-gmbh.de\/fr\/wp-json\/wp\/v2\/product_brand?post=93018"},{"taxonomy":"product_cat","embeddable":true,"href":"https:\/\/www.3p-gmbh.de\/fr\/wp-json\/wp\/v2\/product_cat?post=93018"},{"taxonomy":"product_tag","embeddable":true,"href":"https:\/\/www.3p-gmbh.de\/fr\/wp-json\/wp\/v2\/product_tag?post=93018"}],"curies":[{"name":"wp","href":"https:\/\/api.w.org\/{rel}","templated":true}]}}