{"id":93011,"date":"2019-07-11T13:53:56","date_gmt":"2019-07-11T13:53:56","guid":{"rendered":"https:\/\/www.3p-gmbh.de\/produkt\/serveur-de-flux-de-travail-kodak-creo-prinergy\/"},"modified":"2019-07-11T13:53:56","modified_gmt":"2019-07-11T13:53:56","slug":"flux-de-travail-pdf","status":"publish","type":"product","link":"https:\/\/www.3p-gmbh.de\/fr\/produkt\/flux-de-travail-pdf\/","title":{"rendered":"Serveur de flux de travail Kodak\/Creo Prinergy"},"content":{"rendered":"<ul>\n<li>Station de travail Dell certifi\u00e9e Kodak avec flux de travail Prinergy Connect<\/li>\n<li>avec sortie de donn\u00e9es CIP 3<\/li>\n<li>Flux de travail enti\u00e8rement bas\u00e9 sur le PDF<\/li>\n<li>Syst\u00e8me client\/serveur<\/li>\n<li>Le syst\u00e8me de flux de travail PDF le plus performant au monde<\/li>\n<li>Grande capacit\u00e9 de traitement<\/li>\n<li>incl. Logiciel de montage de feuilles Preps 5 Plus<\/li>\n<\/ul>\n","protected":false},"excerpt":{"rendered":"<p>Station de travail Dell certifi\u00e9e Kodak avec flux de travail Prinergy Connect avec sortie de donn\u00e9es CIP 3 Flux de travail enti\u00e8rement bas\u00e9 sur le PDF Syst\u00e8me client\/serveur Le syst\u00e8me de flux de travail PDF le plus performant au monde Grande capacit\u00e9 de traitement incl. Logiciel de montage de feuilles Preps 5 Plus<\/p>\n","protected":false},"featured_media":54976,"template":"","meta":[],"product_brand":[],"product_cat":[3013],"product_tag":[],"class_list":{"0":"post-93011","1":"product","2":"type-product","3":"status-publish","4":"has-post-thumbnail","6":"product_cat-logiciel-de-prepresse","7":"pa_baujahr-326","8":"pa_hersteller-kodak-creo","9":"pa_typ-prinergy-connect","11":"first","12":"instock","13":"sold-individually","14":"taxable","15":"shipping-taxable","16":"purchasable","17":"product-type-simple"},"jetpack_sharing_enabled":true,"_links":{"self":[{"href":"https:\/\/www.3p-gmbh.de\/fr\/wp-json\/wp\/v2\/product\/93011","targetHints":{"allow":["GET"]}}],"collection":[{"href":"https:\/\/www.3p-gmbh.de\/fr\/wp-json\/wp\/v2\/product"}],"about":[{"href":"https:\/\/www.3p-gmbh.de\/fr\/wp-json\/wp\/v2\/types\/product"}],"wp:featuredmedia":[{"embeddable":true,"href":"https:\/\/www.3p-gmbh.de\/fr\/wp-json\/wp\/v2\/media\/54976"}],"wp:attachment":[{"href":"https:\/\/www.3p-gmbh.de\/fr\/wp-json\/wp\/v2\/media?parent=93011"}],"wp:term":[{"taxonomy":"product_brand","embeddable":true,"href":"https:\/\/www.3p-gmbh.de\/fr\/wp-json\/wp\/v2\/product_brand?post=93011"},{"taxonomy":"product_cat","embeddable":true,"href":"https:\/\/www.3p-gmbh.de\/fr\/wp-json\/wp\/v2\/product_cat?post=93011"},{"taxonomy":"product_tag","embeddable":true,"href":"https:\/\/www.3p-gmbh.de\/fr\/wp-json\/wp\/v2\/product_tag?post=93011"}],"curies":[{"name":"wp","href":"https:\/\/api.w.org\/{rel}","templated":true}]}}