{"id":93000,"date":"2019-07-11T13:53:09","date_gmt":"2019-07-11T13:53:09","guid":{"rendered":"https:\/\/www.3p-gmbh.de\/produkt\/unite-dimpression-heidelberg-pour-heidelberg-mo-plusversion\/"},"modified":"2019-07-11T13:53:09","modified_gmt":"2019-07-11T13:53:09","slug":"imprimerie-pour-heidelberg-mo-plusversion","status":"publish","type":"product","link":"https:\/\/www.3p-gmbh.de\/fr\/produkt\/imprimerie-pour-heidelberg-mo-plusversion\/","title":{"rendered":"Unit\u00e9 d&rsquo;impression Heidelberg pour Heidelberg MO Plusversion"},"content":{"rendered":"<p>Dispositif de num\u00e9rotation, compos\u00e9 de :<\/p>\n<ul>\n<li>1 bo\u00eete de couleurs<\/li>\n<li>1 arbre du num\u00e9rateur avec vis de fixation<\/li>\n<li>1 anneau de si\u00e8ge<\/li>\n<li>2 bras de commutation<\/li>\n<li>1 bras de commutation double<\/li>\n<li>3 dispositifs de num\u00e9rotation<\/li>\n<li>1 plaque de r\u00e9cup\u00e9ration<\/li>\n<\/ul>\n","protected":false},"excerpt":{"rendered":"<p>Dispositif de num\u00e9rotation, compos\u00e9 de : 1 bo\u00eete de couleurs 1 arbre du num\u00e9rateur avec vis de fixation 1 anneau de si\u00e8ge 2 bras de commutation 1 bras de commutation double 3 dispositifs de num\u00e9rotation 1 plaque de r\u00e9cup\u00e9ration<\/p>\n","protected":false},"featured_media":54787,"template":"","meta":[],"product_brand":[],"product_cat":[2902],"product_tag":[],"class_list":{"0":"post-93000","1":"product","2":"type-product","3":"status-publish","4":"has-post-thumbnail","6":"product_cat-accessoires-et-pieces-de-rechange-pour-machines-dimpression","7":"pa_hersteller-heidelberger-druckmaschinen","8":"pa_typ-eindruckwerk","10":"first","11":"instock","12":"sold-individually","13":"taxable","14":"shipping-taxable","15":"purchasable","16":"product-type-simple"},"jetpack_sharing_enabled":true,"_links":{"self":[{"href":"https:\/\/www.3p-gmbh.de\/fr\/wp-json\/wp\/v2\/product\/93000","targetHints":{"allow":["GET"]}}],"collection":[{"href":"https:\/\/www.3p-gmbh.de\/fr\/wp-json\/wp\/v2\/product"}],"about":[{"href":"https:\/\/www.3p-gmbh.de\/fr\/wp-json\/wp\/v2\/types\/product"}],"wp:featuredmedia":[{"embeddable":true,"href":"https:\/\/www.3p-gmbh.de\/fr\/wp-json\/wp\/v2\/media\/54787"}],"wp:attachment":[{"href":"https:\/\/www.3p-gmbh.de\/fr\/wp-json\/wp\/v2\/media?parent=93000"}],"wp:term":[{"taxonomy":"product_brand","embeddable":true,"href":"https:\/\/www.3p-gmbh.de\/fr\/wp-json\/wp\/v2\/product_brand?post=93000"},{"taxonomy":"product_cat","embeddable":true,"href":"https:\/\/www.3p-gmbh.de\/fr\/wp-json\/wp\/v2\/product_cat?post=93000"},{"taxonomy":"product_tag","embeddable":true,"href":"https:\/\/www.3p-gmbh.de\/fr\/wp-json\/wp\/v2\/product_tag?post=93000"}],"curies":[{"name":"wp","href":"https:\/\/api.w.org\/{rel}","templated":true}]}}