{"id":92998,"date":"2019-07-11T13:53:09","date_gmt":"2019-07-11T13:53:09","guid":{"rendered":"https:\/\/www.3p-gmbh.de\/produkt\/stamm-fwra-3000-nettoyeur-de-rouleaux-de-mouillage\/"},"modified":"2019-07-11T13:53:09","modified_gmt":"2019-07-11T13:53:09","slug":"appareil-de-nettoyage-des-rouleaux-humides","status":"publish","type":"product","link":"https:\/\/www.3p-gmbh.de\/fr\/produkt\/appareil-de-nettoyage-des-rouleaux-humides\/","title":{"rendered":"Stamm FWRA-3000 Nettoyeur de rouleaux de mouillage"},"content":{"rendered":"<ul>\n<li>pour le nettoyage des rev\u00eatements des rouleaux uniquement avec de l&rsquo;eau<\/li>\n<li>pour 3 rouleaux jusqu&rsquo;\u00e0 100 cm de longueur<\/li>\n<li>une dur\u00e9e de vie plus longue des rev\u00eatements des rouleaux<\/li>\n<li>S\u00e9chage des housses sans traitement manuel<\/li>\n<li>temps de nettoyage extr\u00eamement court<\/li>\n<\/ul>\n","protected":false},"excerpt":{"rendered":"<p>pour le nettoyage des rev\u00eatements des rouleaux uniquement avec de l&rsquo;eau pour 3 rouleaux jusqu&rsquo;\u00e0 100 cm de longueur une dur\u00e9e de vie plus longue des rev\u00eatements des rouleaux S\u00e9chage des housses sans traitement manuel temps de nettoyage extr\u00eamement court<\/p>\n","protected":false},"featured_media":54794,"template":"","meta":[],"product_brand":[],"product_cat":[2902],"product_tag":[],"class_list":{"0":"post-92998","1":"product","2":"type-product","3":"status-publish","4":"has-post-thumbnail","6":"product_cat-accessoires-et-pieces-de-rechange-pour-machines-dimpression","7":"pa_hersteller-herbert-stamm","8":"pa_typ-fwra-3000","10":"first","11":"instock","12":"sold-individually","13":"taxable","14":"shipping-taxable","15":"purchasable","16":"product-type-simple"},"jetpack_sharing_enabled":true,"_links":{"self":[{"href":"https:\/\/www.3p-gmbh.de\/fr\/wp-json\/wp\/v2\/product\/92998","targetHints":{"allow":["GET"]}}],"collection":[{"href":"https:\/\/www.3p-gmbh.de\/fr\/wp-json\/wp\/v2\/product"}],"about":[{"href":"https:\/\/www.3p-gmbh.de\/fr\/wp-json\/wp\/v2\/types\/product"}],"wp:featuredmedia":[{"embeddable":true,"href":"https:\/\/www.3p-gmbh.de\/fr\/wp-json\/wp\/v2\/media\/54794"}],"wp:attachment":[{"href":"https:\/\/www.3p-gmbh.de\/fr\/wp-json\/wp\/v2\/media?parent=92998"}],"wp:term":[{"taxonomy":"product_brand","embeddable":true,"href":"https:\/\/www.3p-gmbh.de\/fr\/wp-json\/wp\/v2\/product_brand?post=92998"},{"taxonomy":"product_cat","embeddable":true,"href":"https:\/\/www.3p-gmbh.de\/fr\/wp-json\/wp\/v2\/product_cat?post=92998"},{"taxonomy":"product_tag","embeddable":true,"href":"https:\/\/www.3p-gmbh.de\/fr\/wp-json\/wp\/v2\/product_tag?post=92998"}],"curies":[{"name":"wp","href":"https:\/\/api.w.org\/{rel}","templated":true}]}}