{"id":92994,"date":"2019-07-11T13:53:09","date_gmt":"2019-07-11T13:53:09","guid":{"rendered":"https:\/\/www.3p-gmbh.de\/produkt\/densitometre-viptronic-vipdens-c-9-p\/"},"modified":"2019-07-11T13:53:09","modified_gmt":"2019-07-11T13:53:09","slug":"densitometre","status":"publish","type":"product","link":"https:\/\/www.3p-gmbh.de\/fr\/produkt\/densitometre\/","title":{"rendered":"Densitom\u00e8tre Viptronic Vipdens C 9-P"},"content":{"rendered":"<ul>\n<li>Fonctions de mesure : Densit\u00e9, toutes les densit\u00e9s, diff\u00e9rence de densit\u00e9, augmentation, courbe caract\u00e9ristique, couverture de surface, contraste, acceptation de la couleur, erreur de teinte<\/li>\n<li>avec chargeur et carte d&rsquo;\u00e9talonnage<\/li>\n<\/ul>\n","protected":false},"excerpt":{"rendered":"<p>Fonctions de mesure : Densit\u00e9, toutes les densit\u00e9s, diff\u00e9rence de densit\u00e9, augmentation, courbe caract\u00e9ristique, couverture de surface, contraste, acceptation de la couleur, erreur de teinte avec chargeur et carte d&rsquo;\u00e9talonnage<\/p>\n","protected":false},"featured_media":54790,"template":"","meta":[],"product_brand":[],"product_cat":[2930],"product_tag":[],"class_list":{"0":"post-92994","1":"product","2":"type-product","3":"status-publish","4":"has-post-thumbnail","6":"product_cat-instruments-de-mesure-et-assurance-qualite","7":"pa_baujahr-153","8":"pa_hersteller-viptronic-gretag-macbeth","9":"pa_typ-vipdens-c-9-p","11":"first","12":"instock","13":"sold-individually","14":"taxable","15":"shipping-taxable","16":"purchasable","17":"product-type-simple"},"jetpack_sharing_enabled":true,"_links":{"self":[{"href":"https:\/\/www.3p-gmbh.de\/fr\/wp-json\/wp\/v2\/product\/92994","targetHints":{"allow":["GET"]}}],"collection":[{"href":"https:\/\/www.3p-gmbh.de\/fr\/wp-json\/wp\/v2\/product"}],"about":[{"href":"https:\/\/www.3p-gmbh.de\/fr\/wp-json\/wp\/v2\/types\/product"}],"wp:featuredmedia":[{"embeddable":true,"href":"https:\/\/www.3p-gmbh.de\/fr\/wp-json\/wp\/v2\/media\/54790"}],"wp:attachment":[{"href":"https:\/\/www.3p-gmbh.de\/fr\/wp-json\/wp\/v2\/media?parent=92994"}],"wp:term":[{"taxonomy":"product_brand","embeddable":true,"href":"https:\/\/www.3p-gmbh.de\/fr\/wp-json\/wp\/v2\/product_brand?post=92994"},{"taxonomy":"product_cat","embeddable":true,"href":"https:\/\/www.3p-gmbh.de\/fr\/wp-json\/wp\/v2\/product_cat?post=92994"},{"taxonomy":"product_tag","embeddable":true,"href":"https:\/\/www.3p-gmbh.de\/fr\/wp-json\/wp\/v2\/product_tag?post=92994"}],"curies":[{"name":"wp","href":"https:\/\/api.w.org\/{rel}","templated":true}]}}