{"id":92954,"date":"2019-07-11T13:53:16","date_gmt":"2019-07-11T13:53:16","guid":{"rendered":"https:\/\/www.3p-gmbh.de\/produkt\/lampe-de-controle-des-couleurs-just\/"},"modified":"2019-07-11T13:53:16","modified_gmt":"2019-07-11T13:53:16","slug":"lampe-de-poche-de-couleur","status":"publish","type":"product","link":"https:\/\/www.3p-gmbh.de\/fr\/produkt\/lampe-de-poche-de-couleur\/","title":{"rendered":"Lampe de contr\u00f4le des couleurs Just"},"content":{"rendered":"<ul>\n<li>guidage asym\u00e9trique de la lumi\u00e8re pour un \u00e9clairage sans \u00e9blouissement ni reflets<\/li>\n<li>\u00c9clairage 80 x 110 cm<\/li>\n<li>Compteur d&rsquo;heures de fonctionnement<\/li>\n<li>4 tubes fluorescents 36 watts daylight<\/li>\n<li>Dimensions ext\u00e9rieures H 223 x L 135 x 155<\/li>\n<\/ul>\n","protected":false},"excerpt":{"rendered":"<p>guidage asym\u00e9trique de la lumi\u00e8re pour un \u00e9clairage sans \u00e9blouissement ni reflets \u00c9clairage 80 x 110 cm Compteur d&rsquo;heures de fonctionnement 4 tubes fluorescents 36 watts daylight Dimensions ext\u00e9rieures H 223 x L 135 x 155<\/p>\n","protected":false},"featured_media":54808,"template":"","meta":[],"product_brand":[],"product_cat":[2902],"product_tag":[],"class_list":{"0":"post-92954","1":"product","2":"type-product","3":"status-publish","4":"has-post-thumbnail","6":"product_cat-accessoires-et-pieces-de-rechange-pour-machines-dimpression","7":"pa_baujahr-165","8":"pa_hersteller-just","10":"first","11":"instock","12":"sold-individually","13":"taxable","14":"shipping-taxable","15":"purchasable","16":"product-type-simple"},"jetpack_sharing_enabled":true,"_links":{"self":[{"href":"https:\/\/www.3p-gmbh.de\/fr\/wp-json\/wp\/v2\/product\/92954","targetHints":{"allow":["GET"]}}],"collection":[{"href":"https:\/\/www.3p-gmbh.de\/fr\/wp-json\/wp\/v2\/product"}],"about":[{"href":"https:\/\/www.3p-gmbh.de\/fr\/wp-json\/wp\/v2\/types\/product"}],"wp:featuredmedia":[{"embeddable":true,"href":"https:\/\/www.3p-gmbh.de\/fr\/wp-json\/wp\/v2\/media\/54808"}],"wp:attachment":[{"href":"https:\/\/www.3p-gmbh.de\/fr\/wp-json\/wp\/v2\/media?parent=92954"}],"wp:term":[{"taxonomy":"product_brand","embeddable":true,"href":"https:\/\/www.3p-gmbh.de\/fr\/wp-json\/wp\/v2\/product_brand?post=92954"},{"taxonomy":"product_cat","embeddable":true,"href":"https:\/\/www.3p-gmbh.de\/fr\/wp-json\/wp\/v2\/product_cat?post=92954"},{"taxonomy":"product_tag","embeddable":true,"href":"https:\/\/www.3p-gmbh.de\/fr\/wp-json\/wp\/v2\/product_tag?post=92954"}],"curies":[{"name":"wp","href":"https:\/\/api.w.org\/{rel}","templated":true}]}}