{"id":92943,"date":"2019-07-11T13:53:16","date_gmt":"2019-07-11T13:53:16","guid":{"rendered":"https:\/\/www.3p-gmbh.de\/produkt\/table-a-langer-electrique-baldwin-pour-linge-de-toilette\/"},"modified":"2019-07-11T13:53:16","modified_gmt":"2019-07-11T13:53:16","slug":"banc-a-langer-electrique-pour-linge-de-toilette-2","status":"publish","type":"product","link":"https:\/\/www.3p-gmbh.de\/fr\/produkt\/banc-a-langer-electrique-pour-linge-de-toilette-2\/","title":{"rendered":"Table \u00e0 langer \u00e9lectrique Baldwin pour linge de toilette"},"content":{"rendered":"<p>L&rsquo;appareil est utilis\u00e9 pour la production autonome de rouleaux de lavage \u00e0 partir de bobines de 500 m\u00e8tres (Dupont Sontara pour Baldwin, Technotrans, les laveuses de blanchets Elettra) et convient \u00e0 toutes les installations de lavage de blanchets et de cylindres d&rsquo;impression des principaux fabricants de presses au format 3B (Heidelberg Speedmaster SM 52, 74, 102 CD et XL, KBA Rapida 74, 75, 105, Roland 300, 500, 700, Komori, Sakurai, etc.)<\/p>\n","protected":false},"excerpt":{"rendered":"<p>L&rsquo;appareil est utilis\u00e9 pour la production autonome de rouleaux de lavage \u00e0 partir de bobines de 500 m\u00e8tres (Dupont Sontara pour Baldwin, Technotrans, les laveuses de blanchets Elettra) et convient \u00e0 toutes les installations de lavage de blanchets et de cylindres d&rsquo;impression des principaux fabricants de presses au format 3B (Heidelberg Speedmaster SM 52, 74, [&hellip;]<\/p>\n","protected":false},"featured_media":54813,"template":"","meta":[],"product_brand":[],"product_cat":[2902],"product_tag":[],"class_list":{"0":"post-92943","1":"product","2":"type-product","3":"status-publish","4":"has-post-thumbnail","6":"product_cat-accessoires-et-pieces-de-rechange-pour-machines-dimpression","7":"pa_baujahr-168","8":"pa_hersteller-baldwin","10":"first","11":"instock","12":"sold-individually","13":"taxable","14":"shipping-taxable","15":"purchasable","16":"product-type-simple"},"jetpack_sharing_enabled":true,"_links":{"self":[{"href":"https:\/\/www.3p-gmbh.de\/fr\/wp-json\/wp\/v2\/product\/92943","targetHints":{"allow":["GET"]}}],"collection":[{"href":"https:\/\/www.3p-gmbh.de\/fr\/wp-json\/wp\/v2\/product"}],"about":[{"href":"https:\/\/www.3p-gmbh.de\/fr\/wp-json\/wp\/v2\/types\/product"}],"wp:featuredmedia":[{"embeddable":true,"href":"https:\/\/www.3p-gmbh.de\/fr\/wp-json\/wp\/v2\/media\/54813"}],"wp:attachment":[{"href":"https:\/\/www.3p-gmbh.de\/fr\/wp-json\/wp\/v2\/media?parent=92943"}],"wp:term":[{"taxonomy":"product_brand","embeddable":true,"href":"https:\/\/www.3p-gmbh.de\/fr\/wp-json\/wp\/v2\/product_brand?post=92943"},{"taxonomy":"product_cat","embeddable":true,"href":"https:\/\/www.3p-gmbh.de\/fr\/wp-json\/wp\/v2\/product_cat?post=92943"},{"taxonomy":"product_tag","embeddable":true,"href":"https:\/\/www.3p-gmbh.de\/fr\/wp-json\/wp\/v2\/product_tag?post=92943"}],"curies":[{"name":"wp","href":"https:\/\/api.w.org\/{rel}","templated":true}]}}