{"id":92941,"date":"2019-07-11T13:53:16","date_gmt":"2019-07-11T13:53:16","guid":{"rendered":"https:\/\/www.3p-gmbh.de\/produkt\/information-numerique-inkzone-box\/"},"modified":"2019-07-11T13:53:16","modified_gmt":"2019-07-11T13:53:16","slug":"inkzone-box","status":"publish","type":"product","link":"https:\/\/www.3p-gmbh.de\/fr\/produkt\/inkzone-box\/","title":{"rendered":"Information num\u00e9rique InkZone-Box"},"content":{"rendered":"<p>Le bo\u00eetier mat\u00e9riel InkZone avec le logiciel DI-Plot pour le pr\u00e9r\u00e9glage num\u00e9rique des zones d&rsquo;encrage convertit les donn\u00e9es CIP3 ou JDF pour l&rsquo;utilisation des presses KOMORI, Heidelberg, MAN-Roland ou KBA. DI-Plot est une solution compl\u00e8te et \u00e9conomique. L&rsquo;utilisateur peut configurer lui-m\u00eame la bo\u00eete, m\u00eame si les donn\u00e9es CIP3 doivent \u00eatre converties pour d&rsquo;autres presses. Les imprimeries, en particulier, profitent de l&rsquo;utilisation de DI-PLOT. Un seul syst\u00e8me de conversion CIP doit \u00eatre achet\u00e9 pour les diff\u00e9rentes marques de machines \u00e0 imprimer de l&rsquo;entreprise.<\/p>\n<p>Inclus dans la livraison :<\/p>\n<ul>\n<li>InkZone Box (avec lecteur de disquettes, lecteur pour HD Jobcard, MAN Roland Jobcard) avec pr\u00e9r\u00e9glages standard pour GTO-4, SM 52-4, SM 72-4, SM 74-4, SM 102-4, SM CD-4, R200-4, R300-4, R500-4, R500E-4, R700-4, R800 7B, R900 F4-4, R900 F5-4, R900 F6-4, KBA 74-4, KBA 105-4, KBA 130-4, KBA 142-4, KBA 162-4, AD 507-4, AD 705-4, AD 706-4, AD 806-4, Polly 705, Polly 66, Polly 74, Ryobi 52<\/li>\n<li>  Progiciel DI-Plot avec dongle USB<\/li>\n<\/ul>\n","protected":false},"excerpt":{"rendered":"<p>Le bo\u00eetier mat\u00e9riel InkZone avec le logiciel DI-Plot pour le pr\u00e9r\u00e9glage num\u00e9rique des zones d&rsquo;encrage convertit les donn\u00e9es CIP3 ou JDF pour l&rsquo;utilisation des presses KOMORI, Heidelberg, MAN-Roland ou KBA. DI-Plot est une solution compl\u00e8te et \u00e9conomique. L&rsquo;utilisateur peut configurer lui-m\u00eame la bo\u00eete, m\u00eame si les donn\u00e9es CIP3 doivent \u00eatre converties pour d&rsquo;autres presses. Les [&hellip;]<\/p>\n","protected":false},"featured_media":54815,"template":"","meta":[],"product_brand":[],"product_cat":[2930],"product_tag":[],"class_list":{"0":"post-92941","1":"product","2":"type-product","3":"status-publish","4":"has-post-thumbnail","6":"product_cat-instruments-de-mesure-et-assurance-qualite","7":"pa_baujahr-168","8":"pa_hersteller-digital-information","10":"first","11":"instock","12":"sold-individually","13":"taxable","14":"shipping-taxable","15":"purchasable","16":"product-type-simple"},"jetpack_sharing_enabled":true,"_links":{"self":[{"href":"https:\/\/www.3p-gmbh.de\/fr\/wp-json\/wp\/v2\/product\/92941","targetHints":{"allow":["GET"]}}],"collection":[{"href":"https:\/\/www.3p-gmbh.de\/fr\/wp-json\/wp\/v2\/product"}],"about":[{"href":"https:\/\/www.3p-gmbh.de\/fr\/wp-json\/wp\/v2\/types\/product"}],"wp:featuredmedia":[{"embeddable":true,"href":"https:\/\/www.3p-gmbh.de\/fr\/wp-json\/wp\/v2\/media\/54815"}],"wp:attachment":[{"href":"https:\/\/www.3p-gmbh.de\/fr\/wp-json\/wp\/v2\/media?parent=92941"}],"wp:term":[{"taxonomy":"product_brand","embeddable":true,"href":"https:\/\/www.3p-gmbh.de\/fr\/wp-json\/wp\/v2\/product_brand?post=92941"},{"taxonomy":"product_cat","embeddable":true,"href":"https:\/\/www.3p-gmbh.de\/fr\/wp-json\/wp\/v2\/product_cat?post=92941"},{"taxonomy":"product_tag","embeddable":true,"href":"https:\/\/www.3p-gmbh.de\/fr\/wp-json\/wp\/v2\/product_tag?post=92941"}],"curies":[{"name":"wp","href":"https:\/\/api.w.org\/{rel}","templated":true}]}}