{"id":92937,"date":"2019-07-11T13:53:16","date_gmt":"2019-07-11T13:53:16","guid":{"rendered":"https:\/\/www.3p-gmbh.de\/produkt\/unite-dimpression-heidelberg-pour-gto-46\/"},"modified":"2019-07-11T13:53:16","modified_gmt":"2019-07-11T13:53:16","slug":"imprimerie-2","status":"publish","type":"product","link":"https:\/\/www.3p-gmbh.de\/fr\/produkt\/imprimerie-2\/","title":{"rendered":"Unit\u00e9 d&rsquo;impression Heidelberg pour GTO 46"},"content":{"rendered":"<ul>\n<li>Bo\u00eete de couleurs<\/li>\n<li>1 arbre du num\u00e9rateur avec vis<\/li>\n<li>2 anneaux de si\u00e8ge<\/li>\n<li>2 bras de commutation RA<\/li>\n<li>1 bac de r\u00e9cup\u00e9ration des salet\u00e9s<\/li>\n<li>2 dispositifs de num\u00e9rotation<\/li>\n<li>1 manuel d&rsquo;utilisation<\/li>\n<\/ul>\n","protected":false},"excerpt":{"rendered":"<p>Bo\u00eete de couleurs 1 arbre du num\u00e9rateur avec vis 2 anneaux de si\u00e8ge 2 bras de commutation RA 1 bac de r\u00e9cup\u00e9ration des salet\u00e9s 2 dispositifs de num\u00e9rotation 1 manuel d&rsquo;utilisation<\/p>\n","protected":false},"featured_media":54811,"template":"","meta":[],"product_brand":[],"product_cat":[2902],"product_tag":[],"class_list":{"0":"post-92937","1":"product","2":"type-product","3":"status-publish","4":"has-post-thumbnail","6":"product_cat-accessoires-et-pieces-de-rechange-pour-machines-dimpression","7":"pa_baujahr-262","8":"pa_hersteller-heidelberg","9":"pa_typ-eindruckwerk-gto-46","11":"first","12":"instock","13":"sold-individually","14":"taxable","15":"shipping-taxable","16":"purchasable","17":"product-type-simple"},"jetpack_sharing_enabled":true,"_links":{"self":[{"href":"https:\/\/www.3p-gmbh.de\/fr\/wp-json\/wp\/v2\/product\/92937","targetHints":{"allow":["GET"]}}],"collection":[{"href":"https:\/\/www.3p-gmbh.de\/fr\/wp-json\/wp\/v2\/product"}],"about":[{"href":"https:\/\/www.3p-gmbh.de\/fr\/wp-json\/wp\/v2\/types\/product"}],"wp:featuredmedia":[{"embeddable":true,"href":"https:\/\/www.3p-gmbh.de\/fr\/wp-json\/wp\/v2\/media\/54811"}],"wp:attachment":[{"href":"https:\/\/www.3p-gmbh.de\/fr\/wp-json\/wp\/v2\/media?parent=92937"}],"wp:term":[{"taxonomy":"product_brand","embeddable":true,"href":"https:\/\/www.3p-gmbh.de\/fr\/wp-json\/wp\/v2\/product_brand?post=92937"},{"taxonomy":"product_cat","embeddable":true,"href":"https:\/\/www.3p-gmbh.de\/fr\/wp-json\/wp\/v2\/product_cat?post=92937"},{"taxonomy":"product_tag","embeddable":true,"href":"https:\/\/www.3p-gmbh.de\/fr\/wp-json\/wp\/v2\/product_tag?post=92937"}],"curies":[{"name":"wp","href":"https:\/\/api.w.org\/{rel}","templated":true}]}}