{"id":92933,"date":"2019-07-11T13:53:16","date_gmt":"2019-07-11T13:53:16","guid":{"rendered":"https:\/\/www.3p-gmbh.de\/produkt\/injecteur-de-bandelettes-vacuumatic-cuti-2\/"},"modified":"2019-07-11T13:53:16","modified_gmt":"2019-07-11T13:53:16","slug":"encreur-de-bandes-2","status":"publish","type":"product","link":"https:\/\/www.3p-gmbh.de\/fr\/produkt\/encreur-de-bandes-2\/","title":{"rendered":"Injecteur de bandelettes Vacuumatic Cuti 2"},"content":{"rendered":"<ul>\n<li>Appareil d&rsquo;insertion de bande, en option avec capteur laser &#8211; pas de connexion m\u00e9canique ou \u00e9lectrique \u00e0 la machine \u00e0 imprimer<\/li>\n<li>solution compacte, polyvalente et \u00e9conomique pour compter et subdiviser en une seule op\u00e9ration<\/li>\n<li>sp\u00e9cialement con\u00e7u pour \u00eatre utilis\u00e9 sur des machines d&rsquo;impression plus petites avec une hauteur de pile r\u00e9duite<\/li>\n<li>Vitesse de comptage : jusqu&rsquo;\u00e0 15.000 feuilles\/h<\/li>\n<li>hauteur d&rsquo;utilisation jusqu&rsquo;\u00e0 1500 mm<\/li>\n<li>Insertion de bandes : 6 \u00e0 9999 feuilles<\/li>\n<li>D\u00e9lai de coupe : 5 arcs (non variable)<\/li>\n<li>Longueur de la bande : de min. 100 mm jusqu&rsquo;\u00e0 max. 200 mm r\u00e9glable<\/li>\n<li>G\u00e9n\u00e9rateur d&rsquo;impulsions : adaptateur d&rsquo;interface, d\u00e9coupl\u00e9 optiquement<\/li>\n<li>Rouleau de bandes : largeur 13 mm, longueur env. 150 m, papier kraft 150 g\/m<\/li>\n<li>Affichage de la quantit\u00e9 totale, de la quantit\u00e9 de paquets, de la marge, signal lorsque le nombre de pi\u00e8ces est atteint<\/li>\n<li>Support de rouleau : \u00d8 235 mm, r\u00e9glable \u00e0 45\u00b0, 90\u00b0 et 135\u00b0.<\/li>\n<li>Raccordement : 230 V \/ 50\/60Hz<\/li>\n<li>Dimensions : 142 x 141 x 75 mm (sans canal, support de rouleau et support)<\/li>\n<li>Encombrement du support : 610 x 610 mm<\/li>\n<\/ul>\n","protected":false},"excerpt":{"rendered":"<p>Appareil d&rsquo;insertion de bande, en option avec capteur laser &#8211; pas de connexion m\u00e9canique ou \u00e9lectrique \u00e0 la machine \u00e0 imprimer solution compacte, polyvalente et \u00e9conomique pour compter et subdiviser en une seule op\u00e9ration sp\u00e9cialement con\u00e7u pour \u00eatre utilis\u00e9 sur des machines d&rsquo;impression plus petites avec une hauteur de pile r\u00e9duite Vitesse de comptage : [&hellip;]<\/p>\n","protected":false},"featured_media":54818,"template":"","meta":[],"product_brand":[],"product_cat":[2998],"product_tag":[],"class_list":{"0":"post-92933","1":"product","2":"type-product","3":"status-publish","4":"has-post-thumbnail","6":"product_cat-machines-a-compter-le-papier","7":"pa_baujahr-452","8":"pa_hersteller-vacuumatic","9":"pa_typ-cuti-2-mit-lasersensor","11":"first","12":"instock","13":"sold-individually","14":"taxable","15":"shipping-taxable","16":"purchasable","17":"product-type-simple"},"jetpack_sharing_enabled":true,"_links":{"self":[{"href":"https:\/\/www.3p-gmbh.de\/fr\/wp-json\/wp\/v2\/product\/92933","targetHints":{"allow":["GET"]}}],"collection":[{"href":"https:\/\/www.3p-gmbh.de\/fr\/wp-json\/wp\/v2\/product"}],"about":[{"href":"https:\/\/www.3p-gmbh.de\/fr\/wp-json\/wp\/v2\/types\/product"}],"wp:featuredmedia":[{"embeddable":true,"href":"https:\/\/www.3p-gmbh.de\/fr\/wp-json\/wp\/v2\/media\/54818"}],"wp:attachment":[{"href":"https:\/\/www.3p-gmbh.de\/fr\/wp-json\/wp\/v2\/media?parent=92933"}],"wp:term":[{"taxonomy":"product_brand","embeddable":true,"href":"https:\/\/www.3p-gmbh.de\/fr\/wp-json\/wp\/v2\/product_brand?post=92933"},{"taxonomy":"product_cat","embeddable":true,"href":"https:\/\/www.3p-gmbh.de\/fr\/wp-json\/wp\/v2\/product_cat?post=92933"},{"taxonomy":"product_tag","embeddable":true,"href":"https:\/\/www.3p-gmbh.de\/fr\/wp-json\/wp\/v2\/product_tag?post=92933"}],"curies":[{"name":"wp","href":"https:\/\/api.w.org\/{rel}","templated":true}]}}