{"id":92916,"date":"2019-07-11T13:53:16","date_gmt":"2019-07-11T13:53:16","guid":{"rendered":"https:\/\/www.3p-gmbh.de\/produkt\/grapho-metronic-zs-1520-poinconneuse-a-plaque\/"},"modified":"2019-07-11T13:53:16","modified_gmt":"2019-07-11T13:53:16","slug":"decoupe-de-plaques-3","status":"publish","type":"product","link":"https:\/\/www.3p-gmbh.de\/fr\/produkt\/decoupe-de-plaques-3\/","title":{"rendered":"Grapho metronic ZS 1520 Poin\u00e7onneuse \u00e0 plaque"},"content":{"rendered":"<ul>\n<li>Plan de d\u00e9coupe Grapho metronic 780 mm (rond\/rectangulaire) pour MAN Roland s\u00e9rie RVK, RZK, Roland 700, Roland 800, Roland 900 (jusqu&rsquo;\u00e0 une largeur de plaque de 1520 mm)<\/li>\n<li>il est \u00e9galement possible de poin\u00e7onner des plaques GTO ou Edelmann Practica 425mm rondes\/rondes<\/li>\n<\/ul>\n","protected":false},"excerpt":{"rendered":"<p>Plan de d\u00e9coupe Grapho metronic 780 mm (rond\/rectangulaire) pour MAN Roland s\u00e9rie RVK, RZK, Roland 700, Roland 800, Roland 900 (jusqu&rsquo;\u00e0 une largeur de plaque de 1520 mm) il est \u00e9galement possible de poin\u00e7onner des plaques GTO ou Edelmann Practica 425mm rondes\/rondes<\/p>\n","protected":false},"featured_media":54827,"template":"","meta":[],"product_brand":[],"product_cat":[2902],"product_tag":[],"class_list":{"0":"post-92916","1":"product","2":"type-product","3":"status-publish","4":"has-post-thumbnail","6":"product_cat-accessoires-et-pieces-de-rechange-pour-machines-dimpression","7":"pa_baujahr-501","8":"pa_hersteller-grapho-metronic-man","9":"pa_typ-zs-1520","11":"first","12":"instock","13":"sold-individually","14":"taxable","15":"shipping-taxable","16":"purchasable","17":"product-type-simple"},"jetpack_sharing_enabled":true,"_links":{"self":[{"href":"https:\/\/www.3p-gmbh.de\/fr\/wp-json\/wp\/v2\/product\/92916","targetHints":{"allow":["GET"]}}],"collection":[{"href":"https:\/\/www.3p-gmbh.de\/fr\/wp-json\/wp\/v2\/product"}],"about":[{"href":"https:\/\/www.3p-gmbh.de\/fr\/wp-json\/wp\/v2\/types\/product"}],"wp:featuredmedia":[{"embeddable":true,"href":"https:\/\/www.3p-gmbh.de\/fr\/wp-json\/wp\/v2\/media\/54827"}],"wp:attachment":[{"href":"https:\/\/www.3p-gmbh.de\/fr\/wp-json\/wp\/v2\/media?parent=92916"}],"wp:term":[{"taxonomy":"product_brand","embeddable":true,"href":"https:\/\/www.3p-gmbh.de\/fr\/wp-json\/wp\/v2\/product_brand?post=92916"},{"taxonomy":"product_cat","embeddable":true,"href":"https:\/\/www.3p-gmbh.de\/fr\/wp-json\/wp\/v2\/product_cat?post=92916"},{"taxonomy":"product_tag","embeddable":true,"href":"https:\/\/www.3p-gmbh.de\/fr\/wp-json\/wp\/v2\/product_tag?post=92916"}],"curies":[{"name":"wp","href":"https:\/\/api.w.org\/{rel}","templated":true}]}}