{"id":92907,"date":"2019-07-11T13:53:23","date_gmt":"2019-07-11T13:53:23","guid":{"rendered":"https:\/\/www.3p-gmbh.de\/produkt\/vliesstoff-kasper-stand-denroulement-electrique-de-draps-de-bain\/"},"modified":"2019-07-11T13:53:23","modified_gmt":"2019-07-11T13:53:23","slug":"stand-electrique-de-linge-a-langer-4","status":"publish","type":"product","link":"https:\/\/www.3p-gmbh.de\/fr\/produkt\/stand-electrique-de-linge-a-langer-4\/","title":{"rendered":"Vliesstoff Kasper stand d&rsquo;enroulement \u00e9lectrique de draps de bain"},"content":{"rendered":"<p>L&rsquo;appareil est utilis\u00e9 pour la production autonome de rouleaux de lavage \u00e0 partir de bobines de 500 m\u00e8tres (par exemple Dupont Sontara pour Baldwin, Technotrans, les laveuses de tissus Elettra). Il convient \u00e0 toutes les installations de lavage de blanchets et de cylindres d&rsquo;impression des fabricants de machines d&rsquo;impression courants au format VLF (Heidelberg Speedmaster SM 52, 74 CD et XL, KBA Rapida 74, 75, 105, 130, 130a, 142, Roland 700. 800, 900, Komori, Sakurai, etc.)<\/p>\n","protected":false},"excerpt":{"rendered":"<p>L&rsquo;appareil est utilis\u00e9 pour la production autonome de rouleaux de lavage \u00e0 partir de bobines de 500 m\u00e8tres (par exemple Dupont Sontara pour Baldwin, Technotrans, les laveuses de tissus Elettra). Il convient \u00e0 toutes les installations de lavage de blanchets et de cylindres d&rsquo;impression des fabricants de machines d&rsquo;impression courants au format VLF (Heidelberg Speedmaster [&hellip;]<\/p>\n","protected":false},"featured_media":54834,"template":"","meta":[],"product_brand":[],"product_cat":[2902],"product_tag":[],"class_list":{"0":"post-92907","1":"product","2":"type-product","3":"status-publish","4":"has-post-thumbnail","6":"product_cat-accessoires-et-pieces-de-rechange-pour-machines-dimpression","7":"pa_baujahr-127","8":"pa_hersteller-kba-vliesstoff-kasper","9":"pa_typ-rapida-ra-130-ra-142","11":"first","12":"instock","13":"sold-individually","14":"taxable","15":"shipping-taxable","16":"purchasable","17":"product-type-simple"},"jetpack_sharing_enabled":true,"_links":{"self":[{"href":"https:\/\/www.3p-gmbh.de\/fr\/wp-json\/wp\/v2\/product\/92907","targetHints":{"allow":["GET"]}}],"collection":[{"href":"https:\/\/www.3p-gmbh.de\/fr\/wp-json\/wp\/v2\/product"}],"about":[{"href":"https:\/\/www.3p-gmbh.de\/fr\/wp-json\/wp\/v2\/types\/product"}],"wp:featuredmedia":[{"embeddable":true,"href":"https:\/\/www.3p-gmbh.de\/fr\/wp-json\/wp\/v2\/media\/54834"}],"wp:attachment":[{"href":"https:\/\/www.3p-gmbh.de\/fr\/wp-json\/wp\/v2\/media?parent=92907"}],"wp:term":[{"taxonomy":"product_brand","embeddable":true,"href":"https:\/\/www.3p-gmbh.de\/fr\/wp-json\/wp\/v2\/product_brand?post=92907"},{"taxonomy":"product_cat","embeddable":true,"href":"https:\/\/www.3p-gmbh.de\/fr\/wp-json\/wp\/v2\/product_cat?post=92907"},{"taxonomy":"product_tag","embeddable":true,"href":"https:\/\/www.3p-gmbh.de\/fr\/wp-json\/wp\/v2\/product_tag?post=92907"}],"curies":[{"name":"wp","href":"https:\/\/api.w.org\/{rel}","templated":true}]}}