{"id":92896,"date":"2019-07-11T13:53:23","date_gmt":"2019-07-11T13:53:23","guid":{"rendered":"https:\/\/www.3p-gmbh.de\/produkt\/nebuliseur-deau-pure-draabe\/"},"modified":"2019-07-11T13:53:23","modified_gmt":"2019-07-11T13:53:23","slug":"brumisateur-deau-pure","status":"publish","type":"product","link":"https:\/\/www.3p-gmbh.de\/fr\/produkt\/brumisateur-deau-pure\/","title":{"rendered":"N\u00e9buliseur d&rsquo;eau pure Draabe"},"content":{"rendered":"<ul>\n<li>y compris le support mural<\/li>\n<li>pour la n\u00e9bulisation sans gouttes d&rsquo;eau pure avec automatisme d&rsquo;eau fra\u00eeche<\/li>\n<li>hygrostat int\u00e9gr\u00e9, temp\u00e9rature max. Diff\u00e9rentiel de commutation +\/- 3% r.H.<\/li>\n<li>n\u00e9buliseur orientable en continu horizontalement et verticalement<\/li>\n<li>autonettoyage du n\u00e9buliseur \u00e0 commande \u00e9lectronique \u00e0 l&rsquo;arr\u00eat<\/li>\n<li>puissance d&rsquo;humidification r\u00e9glable en continu<\/li>\n<li>Raccord \u00e0 une main pour l&rsquo;air comprim\u00e9, l&rsquo;eau pure et le raccordement \u00e9lectrique<\/li>\n<li>Version en basse tension de protection 48 VAC<\/li>\n<li>Consommation d&rsquo;air comprim\u00e9 par buse : max. 30 Nl\/min<\/li>\n<li>Consommation totale d&rsquo;air comprim\u00e9 : max : 120 Nl\/min<\/li>\n<li>Puissance : r\u00e9glable en continu jusqu&rsquo;\u00e0 10 l\/h.<\/li>\n<\/ul>\n","protected":false},"excerpt":{"rendered":"<p>y compris le support mural pour la n\u00e9bulisation sans gouttes d&rsquo;eau pure avec automatisme d&rsquo;eau fra\u00eeche hygrostat int\u00e9gr\u00e9, temp\u00e9rature max. Diff\u00e9rentiel de commutation +\/- 3% r.H. n\u00e9buliseur orientable en continu horizontalement et verticalement autonettoyage du n\u00e9buliseur \u00e0 commande \u00e9lectronique \u00e0 l&rsquo;arr\u00eat puissance d&rsquo;humidification r\u00e9glable en continu Raccord \u00e0 une main pour l&rsquo;air comprim\u00e9, l&rsquo;eau pure [&hellip;]<\/p>\n","protected":false},"featured_media":54844,"template":"","meta":[],"product_brand":[],"product_cat":[2902],"product_tag":[],"class_list":{"0":"post-92896","1":"product","2":"type-product","3":"status-publish","4":"has-post-thumbnail","6":"product_cat-accessoires-et-pieces-de-rechange-pour-machines-dimpression","7":"pa_hersteller-draabe","8":"pa_typ-csv","10":"first","11":"instock","12":"sold-individually","13":"taxable","14":"shipping-taxable","15":"purchasable","16":"product-type-simple"},"jetpack_sharing_enabled":true,"_links":{"self":[{"href":"https:\/\/www.3p-gmbh.de\/fr\/wp-json\/wp\/v2\/product\/92896","targetHints":{"allow":["GET"]}}],"collection":[{"href":"https:\/\/www.3p-gmbh.de\/fr\/wp-json\/wp\/v2\/product"}],"about":[{"href":"https:\/\/www.3p-gmbh.de\/fr\/wp-json\/wp\/v2\/types\/product"}],"wp:featuredmedia":[{"embeddable":true,"href":"https:\/\/www.3p-gmbh.de\/fr\/wp-json\/wp\/v2\/media\/54844"}],"wp:attachment":[{"href":"https:\/\/www.3p-gmbh.de\/fr\/wp-json\/wp\/v2\/media?parent=92896"}],"wp:term":[{"taxonomy":"product_brand","embeddable":true,"href":"https:\/\/www.3p-gmbh.de\/fr\/wp-json\/wp\/v2\/product_brand?post=92896"},{"taxonomy":"product_cat","embeddable":true,"href":"https:\/\/www.3p-gmbh.de\/fr\/wp-json\/wp\/v2\/product_cat?post=92896"},{"taxonomy":"product_tag","embeddable":true,"href":"https:\/\/www.3p-gmbh.de\/fr\/wp-json\/wp\/v2\/product_tag?post=92896"}],"curies":[{"name":"wp","href":"https:\/\/api.w.org\/{rel}","templated":true}]}}