{"id":92882,"date":"2019-07-11T13:53:23","date_gmt":"2019-07-11T13:53:23","guid":{"rendered":"https:\/\/www.3p-gmbh.de\/produkt\/hachette-man-roland-780-425-decoupeuse-de-plaques-dimpression\/"},"modified":"2019-07-11T13:53:23","modified_gmt":"2019-07-11T13:53:23","slug":"poinconneuse-a-plaque-de-pression","status":"publish","type":"product","link":"https:\/\/www.3p-gmbh.de\/fr\/produkt\/poinconneuse-a-plaque-de-pression\/","title":{"rendered":"Hachette\/MAN Roland 780-425 D\u00e9coupeuse de plaques d&rsquo;impression"},"content":{"rendered":"<ul>\n<li>D\u00e9coupeuse de plaques pour MAN Roland 300-500-700-900 avec syst\u00e8me Autoplates APL et registre de films Graphometronic<\/li>\n<li>convient aux plaques des syst\u00e8mes CtP, mais aussi aux machines d&rsquo;impression Heidelberg 52, 74, 102 et s\u00e9rie XL et aux machines KBA Rapida 74, 75, 105, 130<\/li>\n<\/ul>\n","protected":false},"excerpt":{"rendered":"<p>D\u00e9coupeuse de plaques pour MAN Roland 300-500-700-900 avec syst\u00e8me Autoplates APL et registre de films Graphometronic convient aux plaques des syst\u00e8mes CtP, mais aussi aux machines d&rsquo;impression Heidelberg 52, 74, 102 et s\u00e9rie XL et aux machines KBA Rapida 74, 75, 105, 130<\/p>\n","protected":false},"featured_media":54850,"template":"","meta":[],"product_brand":[],"product_cat":[2902],"product_tag":[],"class_list":{"0":"post-92882","1":"product","2":"type-product","3":"status-publish","4":"has-post-thumbnail","6":"product_cat-accessoires-et-pieces-de-rechange-pour-machines-dimpression","7":"pa_baujahr-130","8":"pa_hersteller-beil-manroland","9":"pa_typ-780-425-s-h-ap2-ctp","11":"first","12":"instock","13":"sold-individually","14":"taxable","15":"shipping-taxable","16":"purchasable","17":"product-type-simple"},"jetpack_sharing_enabled":true,"_links":{"self":[{"href":"https:\/\/www.3p-gmbh.de\/fr\/wp-json\/wp\/v2\/product\/92882","targetHints":{"allow":["GET"]}}],"collection":[{"href":"https:\/\/www.3p-gmbh.de\/fr\/wp-json\/wp\/v2\/product"}],"about":[{"href":"https:\/\/www.3p-gmbh.de\/fr\/wp-json\/wp\/v2\/types\/product"}],"wp:featuredmedia":[{"embeddable":true,"href":"https:\/\/www.3p-gmbh.de\/fr\/wp-json\/wp\/v2\/media\/54850"}],"wp:attachment":[{"href":"https:\/\/www.3p-gmbh.de\/fr\/wp-json\/wp\/v2\/media?parent=92882"}],"wp:term":[{"taxonomy":"product_brand","embeddable":true,"href":"https:\/\/www.3p-gmbh.de\/fr\/wp-json\/wp\/v2\/product_brand?post=92882"},{"taxonomy":"product_cat","embeddable":true,"href":"https:\/\/www.3p-gmbh.de\/fr\/wp-json\/wp\/v2\/product_cat?post=92882"},{"taxonomy":"product_tag","embeddable":true,"href":"https:\/\/www.3p-gmbh.de\/fr\/wp-json\/wp\/v2\/product_tag?post=92882"}],"curies":[{"name":"wp","href":"https:\/\/api.w.org\/{rel}","templated":true}]}}