{"id":92875,"date":"2019-07-11T13:53:23","date_gmt":"2019-07-11T13:53:23","guid":{"rendered":"https:\/\/www.3p-gmbh.de\/produkt\/pompes-a-peinture-pneumatiques-aro\/"},"modified":"2019-07-11T13:53:23","modified_gmt":"2019-07-11T13:53:23","slug":"pompes-a-peinture-pneumatiques-2","status":"publish","type":"product","link":"https:\/\/www.3p-gmbh.de\/fr\/produkt\/pompes-a-peinture-pneumatiques-2\/","title":{"rendered":"Pompes \u00e0 peinture pneumatiques Aro"},"content":{"rendered":"<ul>\n<li>2 pompes \u00e0 peinture pneumatiques pour f\u00fbts et bo\u00eetes<\/li>\n<li>pour l&rsquo;alimentation directe des machines rotatives \u00e0 feuilles et \u00e0 bobines en encres \u00e0 viscosit\u00e9 moyenne et \u00e9lev\u00e9e<\/li>\n<\/ul>\n","protected":false},"excerpt":{"rendered":"<p>2 pompes \u00e0 peinture pneumatiques pour f\u00fbts et bo\u00eetes pour l&rsquo;alimentation directe des machines rotatives \u00e0 feuilles et \u00e0 bobines en encres \u00e0 viscosit\u00e9 moyenne et \u00e9lev\u00e9e<\/p>\n","protected":false},"featured_media":54862,"template":"","meta":[],"product_brand":[],"product_cat":[2902],"product_tag":[],"class_list":{"0":"post-92875","1":"product","2":"type-product","3":"status-publish","4":"has-post-thumbnail","6":"product_cat-accessoires-et-pieces-de-rechange-pour-machines-dimpression","7":"pa_baujahr-153","8":"pa_hersteller-aro","10":"first","11":"instock","12":"sold-individually","13":"taxable","14":"shipping-taxable","15":"purchasable","16":"product-type-simple"},"jetpack_sharing_enabled":true,"_links":{"self":[{"href":"https:\/\/www.3p-gmbh.de\/fr\/wp-json\/wp\/v2\/product\/92875","targetHints":{"allow":["GET"]}}],"collection":[{"href":"https:\/\/www.3p-gmbh.de\/fr\/wp-json\/wp\/v2\/product"}],"about":[{"href":"https:\/\/www.3p-gmbh.de\/fr\/wp-json\/wp\/v2\/types\/product"}],"wp:featuredmedia":[{"embeddable":true,"href":"https:\/\/www.3p-gmbh.de\/fr\/wp-json\/wp\/v2\/media\/54862"}],"wp:attachment":[{"href":"https:\/\/www.3p-gmbh.de\/fr\/wp-json\/wp\/v2\/media?parent=92875"}],"wp:term":[{"taxonomy":"product_brand","embeddable":true,"href":"https:\/\/www.3p-gmbh.de\/fr\/wp-json\/wp\/v2\/product_brand?post=92875"},{"taxonomy":"product_cat","embeddable":true,"href":"https:\/\/www.3p-gmbh.de\/fr\/wp-json\/wp\/v2\/product_cat?post=92875"},{"taxonomy":"product_tag","embeddable":true,"href":"https:\/\/www.3p-gmbh.de\/fr\/wp-json\/wp\/v2\/product_tag?post=92875"}],"curies":[{"name":"wp","href":"https:\/\/api.w.org\/{rel}","templated":true}]}}